{"id":2005725,"date":"2022-11-02T08:50:34","date_gmt":"2022-11-02T07:50:34","guid":{"rendered":"https:\/\/de.tilta.com\/shop\/soporte-adaptador-de-montura-pl-para-red-v-raptor-v2\/"},"modified":"2025-12-05T13:37:46","modified_gmt":"2025-12-05T12:37:46","slug":"pl-mount-adapter-support-for-red-v-raptor-v2","status":"publish","type":"product","link":"https:\/\/eu.tilta.com\/es\/shop\/pl-mount-adapter-support-for-red-v-raptor-v2\/","title":{"rendered":"Soporte adaptador de montura PL para RED V-RAPTOR V2"},"content":{"rendered":"<div class=\"overview-text\">\n<p>Este soporte se fija a la parte delantera del cuerpo de la c\u00e1mara RED V-RAPTOR para proporcionar soporte a un adaptador de montura de objetivo PL.<\/p>\n<p>Este soporte se fija mediante m\u00faltiples roscas para aumentar la seguridad mediante cuatro puntos de contacto.<\/p>\n<p>Este accesorio es la soluci\u00f3n perfecta para a\u00f1adir mayor seguridad a tu adaptador PL, permiti\u00e9ndote admitir objetivos de cine m\u00e1s grandes.<\/p>\n<\/div>\n","protected":false},"excerpt":{"rendered":"<p>Este soporte se fija a la parte delantera del cuerpo de la c\u00e1mara RED V-RAPTOR para proporcionar soporte a un adaptador de montura de objetivo PL. Este soporte se fija mediante m\u00faltiples roscas para aumentar la seguridad mediante cuatro puntos [&hellip;]<\/p>\n","protected":false},"featured_media":2005727,"comment_status":"closed","ping_status":"closed","template":"","meta":[],"product_cat":[2738,3153],"product_tag":[],"acf":[],"gallery_images":[2005728],"_links":{"self":[{"href":"https:\/\/eu.tilta.com\/es\/wp-json\/wp\/v2\/product\/2005725"}],"collection":[{"href":"https:\/\/eu.tilta.com\/es\/wp-json\/wp\/v2\/product"}],"about":[{"href":"https:\/\/eu.tilta.com\/es\/wp-json\/wp\/v2\/types\/product"}],"replies":[{"embeddable":true,"href":"https:\/\/eu.tilta.com\/es\/wp-json\/wp\/v2\/comments?post=2005725"}],"wp:featuredmedia":[{"embeddable":true,"href":"https:\/\/eu.tilta.com\/es\/wp-json\/wp\/v2\/media\/2005727"}],"wp:attachment":[{"href":"https:\/\/eu.tilta.com\/es\/wp-json\/wp\/v2\/media?parent=2005725"}],"wp:term":[{"taxonomy":"product_cat","embeddable":true,"href":"https:\/\/eu.tilta.com\/es\/wp-json\/wp\/v2\/product_cat?post=2005725"},{"taxonomy":"product_tag","embeddable":true,"href":"https:\/\/eu.tilta.com\/es\/wp-json\/wp\/v2\/product_tag?post=2005725"}],"curies":[{"name":"wp","href":"https:\/\/api.w.org\/{rel}","templated":true}]}}