{"id":2005732,"date":"2022-10-14T09:15:43","date_gmt":"2022-10-14T07:15:43","guid":{"rendered":"https:\/\/de.tilta.com\/shop\/jaula-de-camara-para-sony-venice-2\/"},"modified":"2025-12-05T13:38:02","modified_gmt":"2025-12-05T12:38:02","slug":"camera-cage-for-sony-venice-2","status":"publish","type":"product","link":"https:\/\/eu.tilta.com\/es\/shop\/camera-cage-for-sony-venice-2\/","title":{"rendered":"Jaula de c\u00e1mara para Sony Venice 2"},"content":{"rendered":"<p>\u00a1Ampl\u00eda la funcionalidad de tu Cuerpo de C\u00e1mara Sony Venice con nuestra nueva Jaula de C\u00e1mara para Sony Venice 2!<\/p>\n<p>El armaz\u00f3n de esta jaula est\u00e1 construido con una aleaci\u00f3n de aluminio de alta calidad, fresado mediante CNC, que ofrece protecci\u00f3n adicional y opciones de montaje para accesorios.<\/p>\n<p>La propia jaula admite accesorios mediante zapata fr\u00eda, ra\u00edl NATO, roscas de 1\/4\u2033-20 y roscas de 3\/8\u2033-16 con pasadores de fijaci\u00f3n.<\/p>\n<p>La placa de bater\u00eda actualizada para la Sony Venice 2 se presenta tanto con montura dorada como con montura en V y se integra en la placa superior mediante un cable externo, que proporciona alimentaci\u00f3n y comunicaci\u00f3n fiables a los distintos puertos de la jaula.<\/p>\n<p>Este cable tambi\u00e9n se adapta y es totalmente compatible con el m\u00f3dulo de grabaci\u00f3n externo de mayor tama\u00f1o que puede acoplarse a la parte trasera de la c\u00e1mara.<\/p>\n<p>Esto ampl\u00eda enormemente tus opciones para alimentar accesorios y disparar la c\u00e1mara de forma inal\u00e1mbrica.<\/p>\n<p>La Placa Superior utiliza un cable de comunicaci\u00f3n integrado similar a nuestro anterior Sistema Venice y proporciona la funci\u00f3n de Parada de Marcha a todos los puertos Fischer R\/S de 3 patillas de la jaula.<\/p>\n<p>El EVF de la Venice tambi\u00e9n se puede montar en la placa superior mediante varillas LWS de 15 mm que se pueden fijar cerca de la parte frontal de la placa.<\/p>\n<p>El asa superior tiene un dise\u00f1o ajustable que permite que se deslice f\u00e1cilmente dentro y fuera de la placa superior, que tambi\u00e9n es compatible con el asa superior original de Venice.<\/p>\n<p>Es una soluci\u00f3n pr\u00e1ctica para ajustar r\u00e1pidamente el equilibrio de la c\u00e1mara tras un cambio de objetivo o al adaptar la c\u00e1mara para configuraciones Steadicam\/Gimbal.<\/p>\n<p>Se puede montar una Extensi\u00f3n de Asa Superior opcional para ampliar el asa de modo que envuelva la Placa de la Bater\u00eda.<\/p>\n<p>Esto ofrece algunas opciones de montaje adicionales, as\u00ed como una forma \u00fanica de manejar la c\u00e1mara, especialmente en \u00e1ngulos bajos.<\/p>\n<p>La placa base incluye una hombrera integrada y es compatible de forma nativa con las colas de milano Tilta-Standard.<\/p>\n<p>Se puede utilizar una placa base multifuncional opcional de Tilta Standard a Arri Standard para adaptar esta jaula para montarla en una cola de milano Arri Standard si es necesario.<\/p>\n<p>\u00a1Compatible tanto con la Sony Venice como con la Sony Venice 2!<\/p>\n","protected":false},"excerpt":{"rendered":"<p>\u00a1Ampl\u00eda la funcionalidad de tu Cuerpo de C\u00e1mara Sony Venice con nuestra nueva Jaula de C\u00e1mara para Sony Venice 2! El armaz\u00f3n de esta jaula est\u00e1 construido con una aleaci\u00f3n de aluminio de alta calidad, fresado mediante CNC, que ofrece [&hellip;]<\/p>\n","protected":false},"featured_media":2005733,"comment_status":"closed","ping_status":"closed","template":"","meta":[],"product_cat":[2743],"product_tag":[],"acf":[],"gallery_images":[1930234,1930209],"_links":{"self":[{"href":"https:\/\/eu.tilta.com\/es\/wp-json\/wp\/v2\/product\/2005732"}],"collection":[{"href":"https:\/\/eu.tilta.com\/es\/wp-json\/wp\/v2\/product"}],"about":[{"href":"https:\/\/eu.tilta.com\/es\/wp-json\/wp\/v2\/types\/product"}],"replies":[{"embeddable":true,"href":"https:\/\/eu.tilta.com\/es\/wp-json\/wp\/v2\/comments?post=2005732"}],"wp:featuredmedia":[{"embeddable":true,"href":"https:\/\/eu.tilta.com\/es\/wp-json\/wp\/v2\/media\/2005733"}],"wp:attachment":[{"href":"https:\/\/eu.tilta.com\/es\/wp-json\/wp\/v2\/media?parent=2005732"}],"wp:term":[{"taxonomy":"product_cat","embeddable":true,"href":"https:\/\/eu.tilta.com\/es\/wp-json\/wp\/v2\/product_cat?post=2005732"},{"taxonomy":"product_tag","embeddable":true,"href":"https:\/\/eu.tilta.com\/es\/wp-json\/wp\/v2\/product_tag?post=2005732"}],"curies":[{"name":"wp","href":"https:\/\/api.w.org\/{rel}","templated":true}]}}