{"id":2005755,"date":"2022-10-14T09:07:42","date_gmt":"2022-10-14T07:07:42","guid":{"rendered":"https:\/\/de.tilta.com\/shop\/placa-de-bateria-para-sony-venice-2\/"},"modified":"2025-12-05T13:38:03","modified_gmt":"2025-12-05T12:38:03","slug":"battery-plate-for-sony-venice-2","status":"publish","type":"product","link":"https:\/\/eu.tilta.com\/es\/shop\/battery-plate-for-sony-venice-2\/","title":{"rendered":"Placa de bater\u00eda para Sony Venice 2"},"content":{"rendered":"<p>Esta placa de bater\u00eda actualizada para la Sony Venice 2 viene tanto con montura dorada como con montura en V.<\/p>\n<p>Se integra con la Placa Superior mediante un cable externo, que proporciona alimentaci\u00f3n y comunicaci\u00f3n fiables a los distintos puertos de la jaula.<\/p>\n<p>Este cable tambi\u00e9n se adapta y es totalmente compatible con el m\u00f3dulo de grabaci\u00f3n externo de mayor tama\u00f1o que puede acoplarse a la parte trasera de la c\u00e1mara.<\/p>\n<p>Esto ampl\u00eda enormemente tus opciones para alimentar accesorios y disparar la c\u00e1mara de forma inal\u00e1mbrica.<\/p>\n","protected":false},"excerpt":{"rendered":"<p>Esta placa de bater\u00eda actualizada para la Sony Venice 2 viene tanto con montura dorada como con montura en V. Se integra con la Placa Superior mediante un cable externo, que proporciona alimentaci\u00f3n y comunicaci\u00f3n fiables a los distintos puertos [&hellip;]<\/p>\n","protected":false},"featured_media":2005756,"comment_status":"closed","ping_status":"closed","template":"","meta":[],"product_cat":[2743],"product_tag":[],"acf":[],"gallery_images":[1930214,1930200],"_links":{"self":[{"href":"https:\/\/eu.tilta.com\/es\/wp-json\/wp\/v2\/product\/2005755"}],"collection":[{"href":"https:\/\/eu.tilta.com\/es\/wp-json\/wp\/v2\/product"}],"about":[{"href":"https:\/\/eu.tilta.com\/es\/wp-json\/wp\/v2\/types\/product"}],"replies":[{"embeddable":true,"href":"https:\/\/eu.tilta.com\/es\/wp-json\/wp\/v2\/comments?post=2005755"}],"wp:featuredmedia":[{"embeddable":true,"href":"https:\/\/eu.tilta.com\/es\/wp-json\/wp\/v2\/media\/2005756"}],"wp:attachment":[{"href":"https:\/\/eu.tilta.com\/es\/wp-json\/wp\/v2\/media?parent=2005755"}],"wp:term":[{"taxonomy":"product_cat","embeddable":true,"href":"https:\/\/eu.tilta.com\/es\/wp-json\/wp\/v2\/product_cat?post=2005755"},{"taxonomy":"product_tag","embeddable":true,"href":"https:\/\/eu.tilta.com\/es\/wp-json\/wp\/v2\/product_tag?post=2005755"}],"curies":[{"name":"wp","href":"https:\/\/api.w.org\/{rel}","templated":true}]}}