{"id":2005763,"date":"2022-09-23T08:55:48","date_gmt":"2022-09-23T06:55:48","guid":{"rendered":"https:\/\/de.tilta.com\/shop\/mini-brazo-articulado-tilta\/"},"modified":"2026-05-08T11:32:08","modified_gmt":"2026-05-08T09:32:08","slug":"tiltaing-mini-articulating-arm","status":"publish","type":"product","link":"https:\/\/eu.tilta.com\/es\/shop\/tiltaing-mini-articulating-arm\/","title":{"rendered":"Mini brazo articulado Tilta"},"content":{"rendered":"<p>Este Mini Brazo Articulado es la opci\u00f3n perfecta para montar diversos accesorios en tu equipo de c\u00e1mara.<\/p>\n<p>Este brazo ajustable dispone de puntos de montaje de \u00bc&#8221;-20 con pasadores de fijaci\u00f3n en ambos extremos.<\/p>\n<p>Esto te permite montar y ajustar la posici\u00f3n de monitores externos, visores electr\u00f3nicos, luces o micr\u00f3fonos en la c\u00e1mara y otros accesorios adicionales.<\/p>\n","protected":false},"excerpt":{"rendered":"<p>Este Mini Brazo Articulado es la opci\u00f3n perfecta para montar diversos accesorios en tu equipo de c\u00e1mara. Este brazo ajustable dispone de puntos de montaje de \u00bc&#8221;-20 con pasadores de fijaci\u00f3n en ambos extremos. Esto te permite montar y ajustar [&hellip;]<\/p>\n","protected":false},"featured_media":2005772,"comment_status":"closed","ping_status":"closed","template":"","meta":[],"product_cat":[3899,3248,3088,2750,2716,2749,2737,2719,2812,2843,2844,2834,2842,2833,2831,2740,2735,2813,2814,2815,2816,3019,3013,3018,2747,2839,2742,2817,2789,2829,2967,2741,2837,2739,2818,2790,2744,2830,2819,2820,2821,2822,2721,2746,2738,3153,2723,2823,2824,2836,2840,2835,2745,2832,2743,2786,2736,2828,2734,2733,2725,2775,2825,2727,2728,2826,2827,2731,2729,2730,2975,3002,2904,2732],"product_tag":[],"acf":[],"gallery_images":[2005773,2005775,2005777,2005778,2005779,2005780,2005781],"_links":{"self":[{"href":"https:\/\/eu.tilta.com\/es\/wp-json\/wp\/v2\/product\/2005763"}],"collection":[{"href":"https:\/\/eu.tilta.com\/es\/wp-json\/wp\/v2\/product"}],"about":[{"href":"https:\/\/eu.tilta.com\/es\/wp-json\/wp\/v2\/types\/product"}],"replies":[{"embeddable":true,"href":"https:\/\/eu.tilta.com\/es\/wp-json\/wp\/v2\/comments?post=2005763"}],"wp:featuredmedia":[{"embeddable":true,"href":"https:\/\/eu.tilta.com\/es\/wp-json\/wp\/v2\/media\/2005772"}],"wp:attachment":[{"href":"https:\/\/eu.tilta.com\/es\/wp-json\/wp\/v2\/media?parent=2005763"}],"wp:term":[{"taxonomy":"product_cat","embeddable":true,"href":"https:\/\/eu.tilta.com\/es\/wp-json\/wp\/v2\/product_cat?post=2005763"},{"taxonomy":"product_tag","embeddable":true,"href":"https:\/\/eu.tilta.com\/es\/wp-json\/wp\/v2\/product_tag?post=2005763"}],"curies":[{"name":"wp","href":"https:\/\/api.w.org\/{rel}","templated":true}]}}