{"id":2005764,"date":"2022-09-22T08:52:37","date_gmt":"2022-09-22T06:52:37","guid":{"rendered":"https:\/\/de.tilta.com\/shop\/placa-de-bateria-para-monitor-remoto-dji-de-alto-brillo\/"},"modified":"2026-04-13T14:28:03","modified_gmt":"2026-04-13T12:28:03","slug":"battery-plate-for-dji-high-bright-remote-monitor","status":"publish","type":"product","link":"https:\/\/eu.tilta.com\/es\/shop\/battery-plate-for-dji-high-bright-remote-monitor\/","title":{"rendered":"Placa de bater\u00eda para monitor remoto DJI de alto brillo"},"content":{"rendered":"<p>Esta placa para pilas te permite alimentar tu Monitor Remoto de Alto Brillo con pilas de montaje dorado o en V de mayor capacidad.<\/p>\n<p>Es la soluci\u00f3n perfecta para alimentar tu monitor durante largos periodos de tiempo, especialmente cuando el peso a\u00f1adido de una bater\u00eda m\u00e1s grande no es una preocupaci\u00f3n.<\/p>\n","protected":false},"excerpt":{"rendered":"<p>Esta placa para pilas te permite alimentar tu Monitor Remoto de Alto Brillo con pilas de montaje dorado o en V de mayor capacidad. Es la soluci\u00f3n perfecta para alimentar tu monitor durante largos periodos de tiempo, especialmente cuando el [&hellip;]<\/p>\n","protected":false},"featured_media":2005765,"comment_status":"closed","ping_status":"closed","template":"","meta":[],"product_cat":[2975],"product_tag":[],"acf":[],"gallery_images":[2005766,2005767,2005768,2005769],"_links":{"self":[{"href":"https:\/\/eu.tilta.com\/es\/wp-json\/wp\/v2\/product\/2005764"}],"collection":[{"href":"https:\/\/eu.tilta.com\/es\/wp-json\/wp\/v2\/product"}],"about":[{"href":"https:\/\/eu.tilta.com\/es\/wp-json\/wp\/v2\/types\/product"}],"replies":[{"embeddable":true,"href":"https:\/\/eu.tilta.com\/es\/wp-json\/wp\/v2\/comments?post=2005764"}],"wp:featuredmedia":[{"embeddable":true,"href":"https:\/\/eu.tilta.com\/es\/wp-json\/wp\/v2\/media\/2005765"}],"wp:attachment":[{"href":"https:\/\/eu.tilta.com\/es\/wp-json\/wp\/v2\/media?parent=2005764"}],"wp:term":[{"taxonomy":"product_cat","embeddable":true,"href":"https:\/\/eu.tilta.com\/es\/wp-json\/wp\/v2\/product_cat?post=2005764"},{"taxonomy":"product_tag","embeddable":true,"href":"https:\/\/eu.tilta.com\/es\/wp-json\/wp\/v2\/product_tag?post=2005764"}],"curies":[{"name":"wp","href":"https:\/\/api.w.org\/{rel}","templated":true}]}}