{"id":2005789,"date":"2022-09-22T08:39:46","date_gmt":"2022-09-22T06:39:46","guid":{"rendered":"https:\/\/de.tilta.com\/shop\/tilta-mango-lateral-de-madera-avanzado-tipo-ix-negro-un-par\/"},"modified":"2025-12-05T13:37:52","modified_gmt":"2025-12-05T12:37:52","slug":"tiltaing-advanced-side-wooden-handle-type-ix-black-one-pair","status":"publish","type":"product","link":"https:\/\/eu.tilta.com\/es\/shop\/tiltaing-advanced-side-wooden-handle-type-ix-black-one-pair\/","title":{"rendered":"Tilta Mango Lateral de Madera Avanzado Tipo IX &#8211; Negro (Un Par)"},"content":{"rendered":"<p>Estas Asas de Madera presentan un dise\u00f1o ergon\u00f3mico para proporcionar la m\u00e1xima comodidad al manejar una c\u00e1mara de cualquier tama\u00f1o.<\/p>\n<p>Pueden acoplarse directamente al cuerpo de tu c\u00e1mara Ronin 4D o a los laterales del Monitor Remoto DJI de Alto Brillo.<\/p>\n<p>Esto las convierte en la opci\u00f3n perfecta para manejar c\u00f3modamente tu c\u00e1mara o monitor cuando no se necesita control electr\u00f3nico.<\/p>\n<p>Un bot\u00f3n de liberaci\u00f3n situado en el lateral de la montura te permite ajustar f\u00e1cilmente el \u00e1ngulo de las empu\u00f1aduras para ayudarte a encontrar la posici\u00f3n de manejo perfecta, as\u00ed como reposicionarlas r\u00e1pidamente al ajustarlas para diferentes tomas.<\/p>\n<p>Estas empu\u00f1aduras est\u00e1n talladas en madera de nogal negro y ensambladas con aleaci\u00f3n de aluminio de alta calidad fresada mediante CNC.<\/p>\n","protected":false},"excerpt":{"rendered":"<p>Estas Asas de Madera presentan un dise\u00f1o ergon\u00f3mico para proporcionar la m\u00e1xima comodidad al manejar una c\u00e1mara de cualquier tama\u00f1o. Pueden acoplarse directamente al cuerpo de tu c\u00e1mara Ronin 4D o a los laterales del Monitor Remoto DJI de Alto [&hellip;]<\/p>\n","protected":false},"featured_media":2005790,"comment_status":"closed","ping_status":"closed","template":"","meta":[],"product_cat":[2975],"product_tag":[],"acf":[],"gallery_images":[2005791,2005604,2005792,2005606,2005793,2005794],"_links":{"self":[{"href":"https:\/\/eu.tilta.com\/es\/wp-json\/wp\/v2\/product\/2005789"}],"collection":[{"href":"https:\/\/eu.tilta.com\/es\/wp-json\/wp\/v2\/product"}],"about":[{"href":"https:\/\/eu.tilta.com\/es\/wp-json\/wp\/v2\/types\/product"}],"replies":[{"embeddable":true,"href":"https:\/\/eu.tilta.com\/es\/wp-json\/wp\/v2\/comments?post=2005789"}],"wp:featuredmedia":[{"embeddable":true,"href":"https:\/\/eu.tilta.com\/es\/wp-json\/wp\/v2\/media\/2005790"}],"wp:attachment":[{"href":"https:\/\/eu.tilta.com\/es\/wp-json\/wp\/v2\/media?parent=2005789"}],"wp:term":[{"taxonomy":"product_cat","embeddable":true,"href":"https:\/\/eu.tilta.com\/es\/wp-json\/wp\/v2\/product_cat?post=2005789"},{"taxonomy":"product_tag","embeddable":true,"href":"https:\/\/eu.tilta.com\/es\/wp-json\/wp\/v2\/product_tag?post=2005789"}],"curies":[{"name":"wp","href":"https:\/\/api.w.org\/{rel}","templated":true}]}}