{"id":2005803,"date":"2022-09-22T08:35:03","date_gmt":"2022-09-22T06:35:03","guid":{"rendered":"https:\/\/de.tilta.com\/shop\/asas-de-soporte-para-monitor-remoto-dji\/"},"modified":"2026-04-07T18:40:46","modified_gmt":"2026-04-07T16:40:46","slug":"support-handles-for-dji-remote-monitor","status":"publish","type":"product","link":"https:\/\/eu.tilta.com\/es\/shop\/support-handles-for-dji-remote-monitor\/","title":{"rendered":"Asas de soporte para monitor remoto DJI"},"content":{"rendered":"<p>Estas asas de soporte para el monitor remoto DJI de alto brillo se fijan al lateral de la jaula del monitor mediante tornillos de \u00bc&#8221;-20.<\/p>\n<p>Proporcionan una forma c\u00f3moda y pr\u00e1ctica de sujetar el monitor durante la visualizaci\u00f3n.<\/p>\n<p>Los soportes integrados se pueden extender, lo que te permite colocar el monitor sobre una superficie plana para una opci\u00f3n de visualizaci\u00f3n alternativa.<\/p>\n<p>Estas asas tambi\u00e9n pueden proporcionar protecci\u00f3n adicional para la pantalla del monitor, ya que crean m\u00e1s distancia entre la pantalla y la jaula si el monitor se cae boca abajo.<\/p>\n","protected":false},"excerpt":{"rendered":"<p>Estas asas de soporte para el monitor remoto DJI de alto brillo se fijan al lateral de la jaula del monitor mediante tornillos de \u00bc&#8221;-20. Proporcionan una forma c\u00f3moda y pr\u00e1ctica de sujetar el monitor durante la visualizaci\u00f3n. Los soportes [&hellip;]<\/p>\n","protected":false},"featured_media":2005804,"comment_status":"closed","ping_status":"closed","template":"","meta":[],"product_cat":[2975],"product_tag":[],"acf":[],"gallery_images":[2005805,2005806,2005807,2005808,2005809],"_links":{"self":[{"href":"https:\/\/eu.tilta.com\/es\/wp-json\/wp\/v2\/product\/2005803"}],"collection":[{"href":"https:\/\/eu.tilta.com\/es\/wp-json\/wp\/v2\/product"}],"about":[{"href":"https:\/\/eu.tilta.com\/es\/wp-json\/wp\/v2\/types\/product"}],"replies":[{"embeddable":true,"href":"https:\/\/eu.tilta.com\/es\/wp-json\/wp\/v2\/comments?post=2005803"}],"wp:featuredmedia":[{"embeddable":true,"href":"https:\/\/eu.tilta.com\/es\/wp-json\/wp\/v2\/media\/2005804"}],"wp:attachment":[{"href":"https:\/\/eu.tilta.com\/es\/wp-json\/wp\/v2\/media?parent=2005803"}],"wp:term":[{"taxonomy":"product_cat","embeddable":true,"href":"https:\/\/eu.tilta.com\/es\/wp-json\/wp\/v2\/product_cat?post=2005803"},{"taxonomy":"product_tag","embeddable":true,"href":"https:\/\/eu.tilta.com\/es\/wp-json\/wp\/v2\/product_tag?post=2005803"}],"curies":[{"name":"wp","href":"https:\/\/api.w.org\/{rel}","templated":true}]}}