{"id":2005867,"date":"2022-09-22T12:37:01","date_gmt":"2022-09-22T10:37:01","guid":{"rendered":"https:\/\/de.tilta.com\/shop\/soporte-de-abrazadera-de-cable-usb-c-para-fujifilm-x-h2s-negro\/"},"modified":"2025-12-05T13:37:53","modified_gmt":"2025-12-05T12:37:53","slug":"usb-c-cable-clamp-attachment-for-fujifilm-x-h2s-black","status":"publish","type":"product","link":"https:\/\/eu.tilta.com\/es\/shop\/usb-c-cable-clamp-attachment-for-fujifilm-x-h2s-black\/","title":{"rendered":"Soporte de abrazadera de cable USB-C para Fujifilm X-H2S &#8211; Negro"},"content":{"rendered":"<p>Esta abrazadera para cable USB-C se monta en nuestra Jaula para c\u00e1mara completa Fujifilm X-H2S y te permite fijar de forma segura un cable USB-C a la jaula de tu c\u00e1mara.<\/p>\n<p>Esto crea una ruta m\u00e1s ergon\u00f3mica para el cable USB-C y permite a los usuarios proteger el puerto en el cuerpo de la c\u00e1mara.<\/p>\n","protected":false},"excerpt":{"rendered":"<p>Esta abrazadera para cable USB-C se monta en nuestra Jaula para c\u00e1mara completa Fujifilm X-H2S y te permite fijar de forma segura un cable USB-C a la jaula de tu c\u00e1mara. Esto crea una ruta m\u00e1s ergon\u00f3mica para el cable [&hellip;]<\/p>\n","protected":false},"featured_media":2005868,"comment_status":"closed","ping_status":"closed","template":"","meta":[],"product_cat":[2742],"product_tag":[],"acf":[],"gallery_images":[2005869],"_links":{"self":[{"href":"https:\/\/eu.tilta.com\/es\/wp-json\/wp\/v2\/product\/2005867"}],"collection":[{"href":"https:\/\/eu.tilta.com\/es\/wp-json\/wp\/v2\/product"}],"about":[{"href":"https:\/\/eu.tilta.com\/es\/wp-json\/wp\/v2\/types\/product"}],"replies":[{"embeddable":true,"href":"https:\/\/eu.tilta.com\/es\/wp-json\/wp\/v2\/comments?post=2005867"}],"wp:featuredmedia":[{"embeddable":true,"href":"https:\/\/eu.tilta.com\/es\/wp-json\/wp\/v2\/media\/2005868"}],"wp:attachment":[{"href":"https:\/\/eu.tilta.com\/es\/wp-json\/wp\/v2\/media?parent=2005867"}],"wp:term":[{"taxonomy":"product_cat","embeddable":true,"href":"https:\/\/eu.tilta.com\/es\/wp-json\/wp\/v2\/product_cat?post=2005867"},{"taxonomy":"product_tag","embeddable":true,"href":"https:\/\/eu.tilta.com\/es\/wp-json\/wp\/v2\/product_tag?post=2005867"}],"curies":[{"name":"wp","href":"https:\/\/api.w.org\/{rel}","templated":true}]}}