{"id":2005873,"date":"2022-09-22T12:24:44","date_gmt":"2022-09-22T10:24:44","guid":{"rendered":"https:\/\/de.tilta.com\/shop\/placa-de-liberacion-rapida-manfrotto-para-fujifilm-x-h2s-negra\/"},"modified":"2025-12-05T13:37:54","modified_gmt":"2025-12-05T12:37:54","slug":"manfrotto-quick-release-plate-for-fujifilm-x-h2s-black","status":"publish","type":"product","link":"https:\/\/eu.tilta.com\/es\/shop\/manfrotto-quick-release-plate-for-fujifilm-x-h2s-black\/","title":{"rendered":"Placa de liberaci\u00f3n r\u00e1pida Manfrotto para Fujifilm X-H2S &#8211; Negra"},"content":{"rendered":"<p>Esta Placa de Liberaci\u00f3n R\u00e1pida Manfrotto se monta en la base de nuestra Jaula para C\u00e1mara Fujifilm X-H2S y permite a los usuarios conectar r\u00e1pidamente sus c\u00e1maras a sistemas de soporte Manfrotto compatibles.<\/p>\n<p>Esta placa permite a los usuarios cambiar sin problemas entre tr\u00edpodes, cardanes y otros sistemas de soporte que incorporen receptores Manfrotto 577, 500 y 701.<\/p>\n<p>Esta placa de liberaci\u00f3n r\u00e1pida no es compatible con nuestras placas base LWS de 15 mm.<\/p>\n","protected":false},"excerpt":{"rendered":"<p>Esta Placa de Liberaci\u00f3n R\u00e1pida Manfrotto se monta en la base de nuestra Jaula para C\u00e1mara Fujifilm X-H2S y permite a los usuarios conectar r\u00e1pidamente sus c\u00e1maras a sistemas de soporte Manfrotto compatibles. Esta placa permite a los usuarios cambiar [&hellip;]<\/p>\n","protected":false},"featured_media":2005874,"comment_status":"closed","ping_status":"closed","template":"","meta":[],"product_cat":[2742],"product_tag":[],"acf":[],"gallery_images":[1928964],"_links":{"self":[{"href":"https:\/\/eu.tilta.com\/es\/wp-json\/wp\/v2\/product\/2005873"}],"collection":[{"href":"https:\/\/eu.tilta.com\/es\/wp-json\/wp\/v2\/product"}],"about":[{"href":"https:\/\/eu.tilta.com\/es\/wp-json\/wp\/v2\/types\/product"}],"replies":[{"embeddable":true,"href":"https:\/\/eu.tilta.com\/es\/wp-json\/wp\/v2\/comments?post=2005873"}],"wp:featuredmedia":[{"embeddable":true,"href":"https:\/\/eu.tilta.com\/es\/wp-json\/wp\/v2\/media\/2005874"}],"wp:attachment":[{"href":"https:\/\/eu.tilta.com\/es\/wp-json\/wp\/v2\/media?parent=2005873"}],"wp:term":[{"taxonomy":"product_cat","embeddable":true,"href":"https:\/\/eu.tilta.com\/es\/wp-json\/wp\/v2\/product_cat?post=2005873"},{"taxonomy":"product_tag","embeddable":true,"href":"https:\/\/eu.tilta.com\/es\/wp-json\/wp\/v2\/product_tag?post=2005873"}],"curies":[{"name":"wp","href":"https:\/\/api.w.org\/{rel}","templated":true}]}}