{"id":2005898,"date":"2022-09-01T18:47:21","date_gmt":"2022-09-01T16:47:21","guid":{"rendered":"https:\/\/de.tilta.com\/shop\/tripode-de-sobremesa-tilta-mini\/"},"modified":"2026-02-16T09:00:56","modified_gmt":"2026-02-16T08:00:56","slug":"tiltaing-mini-table-top-tripod","status":"publish","type":"product","link":"https:\/\/eu.tilta.com\/es\/shop\/tiltaing-mini-table-top-tripod\/","title":{"rendered":"Tr\u00edpode de sobremesa Tilta Mini"},"content":{"rendered":"<p>El Mini Tr\u00edpode de Mesa es la soluci\u00f3n ligera perfecta para sostener el cuerpo de tu c\u00e1mara o card\u00e1n en varias configuraciones.<\/p>\n<p>Las patas accionadas por resorte se expanden instant\u00e1neamente cuando se desbloquean, lo que permite a los usuarios pasar r\u00e1pidamente de disparar c\u00e1mara en mano a colocar la c\u00e1mara en el suelo de forma segura.<\/p>\n<p>A continuaci\u00f3n, las patas se pueden volver a plegar y bloquear en su sitio con una arandela de bloqueo situada cerca de la parte superior de la unidad.<\/p>\n<p>La conexi\u00f3n universal 1\/4&#8243;-20 te permite conectar este tr\u00edpode a casi cualquier jaula de c\u00e1mara, cuerpo de c\u00e1mara o sistema de card\u00e1n.<\/p>\n<p>Es la soluci\u00f3n perfecta para colocar el Flotador Tilta en el suelo, ya que el dise\u00f1o accionado por resorte no permitir\u00e1 que la unidad se hunda lentamente por efecto de la gravedad cuando se monte bajo la placa de la bater\u00eda del poste del Flotador.<\/p>\n<p>Esta unidad sirve como alternativa al Tr\u00edpode\/Agarre Extendido DJI para los usuarios que a\u00fan no poseen un card\u00e1n de la serie Ronin o que buscan un accesorio similar con funcionalidad ampliada.<\/p>\n","protected":false},"excerpt":{"rendered":"<p>El Mini Tr\u00edpode de Mesa es la soluci\u00f3n ligera perfecta para sostener el cuerpo de tu c\u00e1mara o card\u00e1n en varias configuraciones. Las patas accionadas por resorte se expanden instant\u00e1neamente cuando se desbloquean, lo que permite a los usuarios pasar [&hellip;]<\/p>\n","protected":false},"featured_media":2005905,"comment_status":"closed","ping_status":"closed","template":"","meta":[],"product_cat":[4448,2763,3010,2764,2748],"product_tag":[],"acf":[],"gallery_images":[1927517,1928681,1927524,1927525,1928676,1928677],"_links":{"self":[{"href":"https:\/\/eu.tilta.com\/es\/wp-json\/wp\/v2\/product\/2005898"}],"collection":[{"href":"https:\/\/eu.tilta.com\/es\/wp-json\/wp\/v2\/product"}],"about":[{"href":"https:\/\/eu.tilta.com\/es\/wp-json\/wp\/v2\/types\/product"}],"replies":[{"embeddable":true,"href":"https:\/\/eu.tilta.com\/es\/wp-json\/wp\/v2\/comments?post=2005898"}],"wp:featuredmedia":[{"embeddable":true,"href":"https:\/\/eu.tilta.com\/es\/wp-json\/wp\/v2\/media\/2005905"}],"wp:attachment":[{"href":"https:\/\/eu.tilta.com\/es\/wp-json\/wp\/v2\/media?parent=2005898"}],"wp:term":[{"taxonomy":"product_cat","embeddable":true,"href":"https:\/\/eu.tilta.com\/es\/wp-json\/wp\/v2\/product_cat?post=2005898"},{"taxonomy":"product_tag","embeddable":true,"href":"https:\/\/eu.tilta.com\/es\/wp-json\/wp\/v2\/product_tag?post=2005898"}],"curies":[{"name":"wp","href":"https:\/\/api.w.org\/{rel}","templated":true}]}}