{"id":2005915,"date":"2022-09-19T11:40:25","date_gmt":"2022-09-19T09:40:25","guid":{"rendered":"https:\/\/de.tilta.com\/shop\/jaula-de-camara-completa-para-fujifilm-x-h2s-negro\/"},"modified":"2026-04-24T15:58:59","modified_gmt":"2026-04-24T13:58:59","slug":"full-camera-cage-for-fujifilm-x-h2s-black","status":"publish","type":"product","link":"https:\/\/eu.tilta.com\/es\/shop\/full-camera-cage-for-fujifilm-x-h2s-black\/","title":{"rendered":"Jaula de c\u00e1mara completa para Fujifilm X-H2S &#8211; Negro"},"content":{"rendered":"<p>\u00a1Ampl\u00eda la funcionalidad de tu Fujifilm X-H2 y X-H2S a la vez que ampl\u00edas enormemente tus opciones para montar diversos accesorios con nuestra Jaula para C\u00e1mara Completa!<\/p>\n<p>La jaula proporciona un blindaje protector para el cuerpo de tu c\u00e1mara y cuenta con puntos de montaje como roscas de 1\/4&#8243;-20, una conexi\u00f3n de roseta y un receptor de zapata fr\u00eda.<\/p>\n<p>Tambi\u00e9n encontrar\u00e1s dos conexiones de ra\u00edl OTAN compatibles con nuestras <a href=\"https:\/\/de.tilta.com\/product-category\/handles\/side-handles\/\">asas laterales<\/a> de tipo IV\/VI opcionales o con <a href=\"https:\/\/de.tilta.com\/shop\/tiltaing-compact-nato-top-handle-black\/\">el asa superior OTAN compacta<\/a>.<\/p>\n<p>La jaula dispone de varios puntos de montaje para los <a href=\"https:\/\/de.tilta.com\/product-category\/accessories\/rod-rod-holders\/\">soportes<\/a> opcionales <a href=\"https:\/\/de.tilta.com\/product-category\/accessories\/rod-rod-holders\/\">de varilla \u00fanica de<\/a> 15 mm, que son excelentes soluciones ligeras para fijar los motores de follow focus mediante una varilla de 15 mm.<\/p>\n<p>La base de la jaula te permite acceder al compartimento de las pilas e incluye una ranura para un destornillador magn\u00e9tico incluido.<\/p>\n<p>La placa inferior utiliza un est\u00e1ndar Arca Swiss y puede conectarse de forma nativa a nuestra placa base LWS de 15 mm de tipo VI y al DJI RS3 Pro \/ RS3 \/ RS2.<\/p>\n<p>Ten en cuenta que la altura desde el sensor hasta las varillas no ser\u00e1 la est\u00e1ndar LWS cuando utilices esta placa base. Recomendamos la placa base de tipo IV para cumplir la norma LWS.<\/p>\n<p>La parte inferior de la jaula se conecta al cuerpo de tu c\u00e1mara con un tornillo de 1\/4&#8243;-20 y utiliza un punto de contacto adicional mediante un punto de localizaci\u00f3n de seguridad que ayuda a que la c\u00e1mara no se mueva dentro de la jaula.<\/p>\n","protected":false},"excerpt":{"rendered":"<p>\u00a1Ampl\u00eda la funcionalidad de tu Fujifilm X-H2 y X-H2S a la vez que ampl\u00edas enormemente tus opciones para montar diversos accesorios con nuestra Jaula para C\u00e1mara Completa! La jaula proporciona un blindaje protector para el cuerpo de tu c\u00e1mara y [&hellip;]<\/p>\n","protected":false},"featured_media":2005927,"comment_status":"closed","ping_status":"closed","template":"","meta":[],"product_cat":[2742],"product_tag":[],"acf":[],"gallery_images":[1928749,1928750,1929119,1929120,1929121],"_links":{"self":[{"href":"https:\/\/eu.tilta.com\/es\/wp-json\/wp\/v2\/product\/2005915"}],"collection":[{"href":"https:\/\/eu.tilta.com\/es\/wp-json\/wp\/v2\/product"}],"about":[{"href":"https:\/\/eu.tilta.com\/es\/wp-json\/wp\/v2\/types\/product"}],"replies":[{"embeddable":true,"href":"https:\/\/eu.tilta.com\/es\/wp-json\/wp\/v2\/comments?post=2005915"}],"wp:featuredmedia":[{"embeddable":true,"href":"https:\/\/eu.tilta.com\/es\/wp-json\/wp\/v2\/media\/2005927"}],"wp:attachment":[{"href":"https:\/\/eu.tilta.com\/es\/wp-json\/wp\/v2\/media?parent=2005915"}],"wp:term":[{"taxonomy":"product_cat","embeddable":true,"href":"https:\/\/eu.tilta.com\/es\/wp-json\/wp\/v2\/product_cat?post=2005915"},{"taxonomy":"product_tag","embeddable":true,"href":"https:\/\/eu.tilta.com\/es\/wp-json\/wp\/v2\/product_tag?post=2005915"}],"curies":[{"name":"wp","href":"https:\/\/api.w.org\/{rel}","templated":true}]}}