{"id":2005937,"date":"2022-08-18T09:45:20","date_gmt":"2022-08-18T07:45:20","guid":{"rendered":"https:\/\/de.tilta.com\/shop\/tilta-pocket-follow-focus\/"},"modified":"2026-04-27T15:22:54","modified_gmt":"2026-04-27T13:22:54","slug":"tiltaing-pocket-follow-focus","status":"publish","type":"product","link":"https:\/\/eu.tilta.com\/es\/shop\/tiltaing-pocket-follow-focus\/","title":{"rendered":"Tilta Pocket Follow Focus"},"content":{"rendered":"<p><span style=\"font-weight: 400;\">\u00a1Toma el control creativo de tus im\u00e1genes con el Tiltaing Pocket Follow Focus!<\/span><\/p>\n<p><span style=\"font-weight: 400;\">Este nuevo sistema mejora el dise\u00f1o del Mini Follow Focus y est\u00e1 construido con un nuevo material compuesto que mejora enormemente la mec\u00e1nica del sistema sin dejar de ser ligero y compacto.  <\/span><\/p>\n<p><span style=\"font-weight: 400;\">Este sistema basado en una sola varilla se monta mediante una varilla de 15 mm y es compatible con engranajes de objetivo de varios tama\u00f1os.<\/span><\/p>\n<p><span style=\"font-weight: 400;\">Los engranajes intercambiables te permiten utilizar objetivos con engranajes de anillos de enfoque de distintos tama\u00f1os y el kit incluye un engranaje con un paso de 0,8 mm que ser\u00e1 compatible con la mayor\u00eda de los objetivos de cine o con el anillo de engranaje de seguimiento de enfoque para objetivos fotogr\u00e1ficos incluido.<\/span><\/p>\n<p><span style=\"font-weight: 400;\">Pr\u00f3ximamente habr\u00e1 m\u00e1s tama\u00f1os disponibles.  <\/span><\/p>\n<p><span style=\"font-weight: 400;\">La unidad admite una rotaci\u00f3n de 360 grados y cuenta con un nuevo sistema de tope duro de liberaci\u00f3n r\u00e1pida que te permite establecer un rango limitado para enfocar r\u00e1pidamente entre dos distancias concretas.  <\/span><span style=\"font-weight: 400;\"><br \/>\n<\/span><span style=\"font-weight: 400;\"><br \/>\n<\/span><span style=\"font-weight: 400;\">Luego, el sistema de bloqueo te permite activar o desactivar los topes duros sin necesidad de retirarlos y sin que pierdan su posici\u00f3n.  <\/span><\/p>\n<p><span style=\"font-weight: 400;\">La rueda de enfoque incorpora un sistema de amortiguaci\u00f3n de fluidos que imita el tacto del propio objetivo y ayuda a enfocar con precisi\u00f3n.<\/span><\/p>\n<p><span style=\"font-weight: 400;\">Los discos de marcado magn\u00e9ticos se pueden utilizar para marcar diferentes distancias de enfoque y se pueden intercambiar f\u00e1cilmente seg\u00fan sea necesario.  <\/span><\/p>\n<p><span style=\"font-weight: 400;\">Compatible con l\u00e1tigos de enfoque y bielas de tama\u00f1o est\u00e1ndar.<\/span><\/p>\n","protected":false},"excerpt":{"rendered":"<p>\u00a1Toma el control creativo de tus im\u00e1genes con el Tiltaing Pocket Follow Focus! Este nuevo sistema mejora el dise\u00f1o del Mini Follow Focus y est\u00e1 construido con un nuevo material compuesto que mejora enormemente la mec\u00e1nica del sistema sin dejar [&hellip;]<\/p>\n","protected":false},"featured_media":2005956,"comment_status":"closed","ping_status":"closed","template":"","meta":[],"product_cat":[3248,2750,2749,2737,2719,2812,2843,2844,2834,2842,2833,2831,2740,2735,2813,2814,2815,2816,2747,2839,2742,2817,2789,2829,2741,2837,2739,2818,2790,2744,2830,2819,2820,2821,2822,2721,2746,2738,3153,2723,2823,2824,2836,2840,2835,2745,2832,2786,2736,2828,2734,2733,2725,2775,2825,2727,2728,2827,2731,2729,2730,3022],"product_tag":[],"acf":[],"gallery_images":[2005957,2005958,2005959,2005960,2005961,2005962,2005963,2005964,2005965],"_links":{"self":[{"href":"https:\/\/eu.tilta.com\/es\/wp-json\/wp\/v2\/product\/2005937"}],"collection":[{"href":"https:\/\/eu.tilta.com\/es\/wp-json\/wp\/v2\/product"}],"about":[{"href":"https:\/\/eu.tilta.com\/es\/wp-json\/wp\/v2\/types\/product"}],"replies":[{"embeddable":true,"href":"https:\/\/eu.tilta.com\/es\/wp-json\/wp\/v2\/comments?post=2005937"}],"wp:featuredmedia":[{"embeddable":true,"href":"https:\/\/eu.tilta.com\/es\/wp-json\/wp\/v2\/media\/2005956"}],"wp:attachment":[{"href":"https:\/\/eu.tilta.com\/es\/wp-json\/wp\/v2\/media?parent=2005937"}],"wp:term":[{"taxonomy":"product_cat","embeddable":true,"href":"https:\/\/eu.tilta.com\/es\/wp-json\/wp\/v2\/product_cat?post=2005937"},{"taxonomy":"product_tag","embeddable":true,"href":"https:\/\/eu.tilta.com\/es\/wp-json\/wp\/v2\/product_tag?post=2005937"}],"curies":[{"name":"wp","href":"https:\/\/api.w.org\/{rel}","templated":true}]}}