{"id":2005955,"date":"2022-09-15T09:28:37","date_gmt":"2022-09-15T07:28:37","guid":{"rendered":"https:\/\/de.tilta.com\/shop\/tilta-cfexpress-tipo-a-a-m-2-asa-de-almacenamiento-lateral\/"},"modified":"2025-12-05T13:38:15","modified_gmt":"2025-12-05T12:38:15","slug":"tilta-cfexpress-type-a-to-m-2-side-storage-handle","status":"publish","type":"product","link":"https:\/\/eu.tilta.com\/es\/shop\/tilta-cfexpress-type-a-to-m-2-side-storage-handle\/","title":{"rendered":"Tilta CFexpress Tipo A a M.2 Asa de almacenamiento lateral"},"content":{"rendered":"<p><strong>NOTA:  <\/strong><strong>No podr\u00e1s cerrar la puerta del lector de tarjetas si utilizas este tirador. El sistema NO ser\u00e1 resistente a la intemperie, ya que habr\u00e1 un cable expuesto  <\/strong><\/p>\n<p>Aumenta tus archivos multimedia con el CFexpress Tipo A a M.2 \u00a1Asa de almacenamiento lateral!<\/p>\n<p>Esta avanzada empu\u00f1adura lateral te permite utilizar una unidad SSD de 512 GB de alto rendimiento, en lugar de una tarjeta CFexpress Tipo A.<\/p>\n<p>El dise\u00f1o de ajuste personalizado en forma de L permite cambiar f\u00e1cilmente la bater\u00eda, al tiempo que sujeta la c\u00e1mara mediante m\u00faltiples puntos de contacto para una conexi\u00f3n segura.<\/p>\n<p>La base Arca Swiss crea un est\u00e1ndar altamente integrado que es compatible de forma nativa con DJI RS2, RS3 y RS3 Pro, as\u00ed como con nuestra <a href=\"https:\/\/de.tilta.com\/shop\/tiltaing-15mm-lws-baseplate-type-vi\/\">placa base LWS de tipo VI<\/a>.<\/p>\n<p>El mango es antideslizante con acolchado de silicona. La grabaci\u00f3n se indica con una luz verde. Una correa para la mu\u00f1eca permite manejar la c\u00e1mara de forma segura.<\/p>\n<p>Esta empu\u00f1adura es compatible con las c\u00e1maras Sony A1, A7S3, A7 IV y FX3 y las jaulas Tilta.<\/p>\n","protected":false},"excerpt":{"rendered":"<p>NOTA: No podr\u00e1s cerrar la puerta del lector de tarjetas si utilizas este tirador. El sistema NO ser\u00e1 resistente a la intemperie, ya que habr\u00e1 un cable expuesto Aumenta tus archivos multimedia con el CFexpress Tipo A a M.2 \u00a1Asa [&hellip;]<\/p>\n","protected":false},"featured_media":2005966,"comment_status":"closed","ping_status":"closed","template":"","meta":[],"product_cat":[2786,2736,2734,2725,2886,3023,2943],"product_tag":[],"acf":[],"gallery_images":[2005967,2005968,2005969,2005970,2005971,2005972,2005973,2005974,2005975,2005976],"_links":{"self":[{"href":"https:\/\/eu.tilta.com\/es\/wp-json\/wp\/v2\/product\/2005955"}],"collection":[{"href":"https:\/\/eu.tilta.com\/es\/wp-json\/wp\/v2\/product"}],"about":[{"href":"https:\/\/eu.tilta.com\/es\/wp-json\/wp\/v2\/types\/product"}],"replies":[{"embeddable":true,"href":"https:\/\/eu.tilta.com\/es\/wp-json\/wp\/v2\/comments?post=2005955"}],"wp:featuredmedia":[{"embeddable":true,"href":"https:\/\/eu.tilta.com\/es\/wp-json\/wp\/v2\/media\/2005966"}],"wp:attachment":[{"href":"https:\/\/eu.tilta.com\/es\/wp-json\/wp\/v2\/media?parent=2005955"}],"wp:term":[{"taxonomy":"product_cat","embeddable":true,"href":"https:\/\/eu.tilta.com\/es\/wp-json\/wp\/v2\/product_cat?post=2005955"},{"taxonomy":"product_tag","embeddable":true,"href":"https:\/\/eu.tilta.com\/es\/wp-json\/wp\/v2\/product_tag?post=2005955"}],"curies":[{"name":"wp","href":"https:\/\/api.w.org\/{rel}","templated":true}]}}