{"id":2005996,"date":"2022-09-08T09:01:26","date_gmt":"2022-09-08T07:01:26","guid":{"rendered":"https:\/\/de.tilta.com\/shop\/cabeza-amortiguadora-hydra-alien-con-modulo-de-muelle-blando\/"},"modified":"2025-12-05T13:38:15","modified_gmt":"2025-12-05T12:38:15","slug":"hydra-alien-shock-absorbing-head-with-soft-spring-module","status":"publish","type":"product","link":"https:\/\/eu.tilta.com\/es\/shop\/hydra-alien-shock-absorbing-head-with-soft-spring-module\/","title":{"rendered":"Cabeza amortiguadora Hydra Alien con m\u00f3dulo de muelle blando"},"content":{"rendered":"<p>El sistema de montaje en autom\u00f3vil Hydra Alien se dise\u00f1\u00f3 desde cero para ser la soluci\u00f3n ligera perfecta para la cinematograf\u00eda montada en autom\u00f3viles, y este nuevo cabezal amortiguador va un paso m\u00e1s all\u00e1.<\/p>\n<p>Este cabezal amortiguador actualizado incorpora un m\u00f3dulo de muelle blando actualizado, dise\u00f1ado espec\u00edficamente para soportar cardanes y c\u00e1maras m\u00e1s ligeros en configuraciones de suspensi\u00f3n inferior.<\/p>\n<p>Los muelles m\u00e1s blandos no necesitar\u00e1n tanto peso para absorber correctamente las vibraciones, lo que dar\u00e1 lugar a un metraje m\u00e1s estable y ampliar\u00e1 enormemente las opciones de montaje ligero del sistema.<\/p>\n<p>Seguimos recomendando utilizar un contrapeso adicional en el Brazo Amortiguador, ya que funcionar\u00e1 mejor con cargas m\u00e1s pesadas.<\/p>\n<p><strong>NOTA: <span style=\"text-decoration: underline\">NO<\/span> se recomienda utilizar este cabezal amortiguador en configuraciones verticales<\/strong><\/p>\n<p><strong>**El elemento de muelle del m\u00f3dulo de muelle blando <span style=\"text-decoration: underline\">NO<\/span> se vende por separado en este momento**<\/strong><\/p>\n","protected":false},"excerpt":{"rendered":"<p>El sistema de montaje en autom\u00f3vil Hydra Alien se dise\u00f1\u00f3 desde cero para ser la soluci\u00f3n ligera perfecta para la cinematograf\u00eda montada en autom\u00f3viles, y este nuevo cabezal amortiguador va un paso m\u00e1s all\u00e1. Este cabezal amortiguador actualizado incorpora un [&hellip;]<\/p>\n","protected":false},"featured_media":2005997,"comment_status":"closed","ping_status":"closed","template":"","meta":[],"product_cat":[2718,2720],"product_tag":[],"acf":[],"gallery_images":[2005998,2005999,2006000,2006001,2006002,2006003,2006004],"_links":{"self":[{"href":"https:\/\/eu.tilta.com\/es\/wp-json\/wp\/v2\/product\/2005996"}],"collection":[{"href":"https:\/\/eu.tilta.com\/es\/wp-json\/wp\/v2\/product"}],"about":[{"href":"https:\/\/eu.tilta.com\/es\/wp-json\/wp\/v2\/types\/product"}],"replies":[{"embeddable":true,"href":"https:\/\/eu.tilta.com\/es\/wp-json\/wp\/v2\/comments?post=2005996"}],"wp:featuredmedia":[{"embeddable":true,"href":"https:\/\/eu.tilta.com\/es\/wp-json\/wp\/v2\/media\/2005997"}],"wp:attachment":[{"href":"https:\/\/eu.tilta.com\/es\/wp-json\/wp\/v2\/media?parent=2005996"}],"wp:term":[{"taxonomy":"product_cat","embeddable":true,"href":"https:\/\/eu.tilta.com\/es\/wp-json\/wp\/v2\/product_cat?post=2005996"},{"taxonomy":"product_tag","embeddable":true,"href":"https:\/\/eu.tilta.com\/es\/wp-json\/wp\/v2\/product_tag?post=2005996"}],"curies":[{"name":"wp","href":"https:\/\/api.w.org\/{rel}","templated":true}]}}