{"id":2006072,"date":"2022-08-11T11:25:30","date_gmt":"2022-08-11T09:25:30","guid":{"rendered":"https:\/\/de.tilta.com\/shop\/sistema-de-soporte-de-cardan-ligero-de-doble-asa\/"},"modified":"2025-12-05T13:38:16","modified_gmt":"2025-12-05T12:38:16","slug":"lightweight-dual-handle-gimbal-support-system","status":"publish","type":"product","link":"https:\/\/eu.tilta.com\/es\/shop\/lightweight-dual-handle-gimbal-support-system\/","title":{"rendered":"Sistema de soporte de card\u00e1n ligero de doble asa"},"content":{"rendered":"<p>El sistema de soporte de card\u00e1n ligero Tilta est\u00e1 dise\u00f1ado espec\u00edficamente para soportar cardanes de mano m\u00e1s peque\u00f1os durante periodos de tiempo m\u00e1s largos.<\/p>\n<p>El chaleco de cintura incorpora un adaptador ajustable en altura que te permite montar la DJI RS2, RSC2, RS3 o RS3 Pro a trav\u00e9s de la parte inferior del mango de la bater\u00eda o del tr\u00edpode de empu\u00f1adura extendida.<\/p>\n<p>A continuaci\u00f3n, puedes acoplar los soportes de doble asa incluidos a tu card\u00e1n y utilizar las correas de hombro y las correas de sujeci\u00f3n para fijar las asas al chaleco.<\/p>\n<p>Esto crea m\u00faltiples puntos de contacto, lo que te permite operar de forma m\u00e1s c\u00f3moda y estable, a la vez que te permite tener las manos libres si es necesario. (se recomienda discreci\u00f3n al usuario)<\/p>\n<p>Las propias empu\u00f1aduras se pueden girar en varias posiciones para permitir un manejo c\u00f3modo en muchas configuraciones diferentes.<\/p>\n<p>Los soportes que conectan las empu\u00f1aduras al card\u00e1n a trav\u00e9s de la OTAN, incluyen puntos de montaje como 1\/4&#8243;-20 y zapata fr\u00eda para alojar accesorios adicionales.<\/p>\n","protected":false},"excerpt":{"rendered":"<p>El sistema de soporte de card\u00e1n ligero Tilta est\u00e1 dise\u00f1ado espec\u00edficamente para soportar cardanes de mano m\u00e1s peque\u00f1os durante periodos de tiempo m\u00e1s largos. El chaleco de cintura incorpora un adaptador ajustable en altura que te permite montar la DJI [&hellip;]<\/p>\n","protected":false},"featured_media":2006073,"comment_status":"closed","ping_status":"closed","template":"","meta":[],"product_cat":[3024],"product_tag":[],"acf":[],"gallery_images":[2006074,2006075,2006076,2006077,2006078,2006079,2006080,2006081],"_links":{"self":[{"href":"https:\/\/eu.tilta.com\/es\/wp-json\/wp\/v2\/product\/2006072"}],"collection":[{"href":"https:\/\/eu.tilta.com\/es\/wp-json\/wp\/v2\/product"}],"about":[{"href":"https:\/\/eu.tilta.com\/es\/wp-json\/wp\/v2\/types\/product"}],"replies":[{"embeddable":true,"href":"https:\/\/eu.tilta.com\/es\/wp-json\/wp\/v2\/comments?post=2006072"}],"wp:featuredmedia":[{"embeddable":true,"href":"https:\/\/eu.tilta.com\/es\/wp-json\/wp\/v2\/media\/2006073"}],"wp:attachment":[{"href":"https:\/\/eu.tilta.com\/es\/wp-json\/wp\/v2\/media?parent=2006072"}],"wp:term":[{"taxonomy":"product_cat","embeddable":true,"href":"https:\/\/eu.tilta.com\/es\/wp-json\/wp\/v2\/product_cat?post=2006072"},{"taxonomy":"product_tag","embeddable":true,"href":"https:\/\/eu.tilta.com\/es\/wp-json\/wp\/v2\/product_tag?post=2006072"}],"curies":[{"name":"wp","href":"https:\/\/api.w.org\/{rel}","templated":true}]}}