{"id":2006098,"date":"2022-08-04T08:54:42","date_gmt":"2022-08-04T06:54:42","guid":{"rendered":"https:\/\/de.tilta.com\/shop\/chaleco-de-apoyo-ligero-para-cardan\/"},"modified":"2026-03-24T11:24:04","modified_gmt":"2026-03-24T10:24:04","slug":"lightweight-gimbal-support-vest","status":"publish","type":"product","link":"https:\/\/eu.tilta.com\/es\/shop\/lightweight-gimbal-support-vest\/","title":{"rendered":"Chaleco de apoyo ligero para card\u00e1n"},"content":{"rendered":"<p><span style=\"font-weight: 400;\">El chaleco de soporte ligero para card\u00e1n Tilta est\u00e1 dise\u00f1ado espec\u00edficamente para soportar cardanes de mano m\u00e1s peque\u00f1os durante periodos de tiempo m\u00e1s largos.<\/span><\/p>\n<p>El chaleco de cintura incorpora un adaptador ajustable en altura que te permite montar la DJI RS2, RSC2, RS3 o RS3 Pro a trav\u00e9s de la parte inferior del mango de la bater\u00eda o del tr\u00edpode de empu\u00f1adura extendida.<\/p>\n<p>Este chaleco se combina perfectamente con los soportes opcionales de doble asa, que pueden conectarse a tu card\u00e1n, y con las correas de sujeci\u00f3n para fijar estas asas al chaleco.<\/p>\n<p>Esto crea m\u00faltiples puntos de contacto, lo que te permite operar de forma m\u00e1s c\u00f3moda y estable, a la vez que te permite tener las manos libres si es necesario. (se recomienda discreci\u00f3n al usuario)<\/p>\n<p>&nbsp;<\/p>\n","protected":false},"excerpt":{"rendered":"<p>El chaleco de soporte ligero para card\u00e1n Tilta est\u00e1 dise\u00f1ado espec\u00edficamente para soportar cardanes de mano m\u00e1s peque\u00f1os durante periodos de tiempo m\u00e1s largos. El chaleco de cintura incorpora un adaptador ajustable en altura que te permite montar la DJI [&hellip;]<\/p>\n","protected":false},"featured_media":2006099,"comment_status":"closed","ping_status":"closed","template":"","meta":[],"product_cat":[3024],"product_tag":[],"acf":[],"gallery_images":[2006100,2006101,2006102,2006103],"_links":{"self":[{"href":"https:\/\/eu.tilta.com\/es\/wp-json\/wp\/v2\/product\/2006098"}],"collection":[{"href":"https:\/\/eu.tilta.com\/es\/wp-json\/wp\/v2\/product"}],"about":[{"href":"https:\/\/eu.tilta.com\/es\/wp-json\/wp\/v2\/types\/product"}],"replies":[{"embeddable":true,"href":"https:\/\/eu.tilta.com\/es\/wp-json\/wp\/v2\/comments?post=2006098"}],"wp:featuredmedia":[{"embeddable":true,"href":"https:\/\/eu.tilta.com\/es\/wp-json\/wp\/v2\/media\/2006099"}],"wp:attachment":[{"href":"https:\/\/eu.tilta.com\/es\/wp-json\/wp\/v2\/media?parent=2006098"}],"wp:term":[{"taxonomy":"product_cat","embeddable":true,"href":"https:\/\/eu.tilta.com\/es\/wp-json\/wp\/v2\/product_cat?post=2006098"},{"taxonomy":"product_tag","embeddable":true,"href":"https:\/\/eu.tilta.com\/es\/wp-json\/wp\/v2\/product_tag?post=2006098"}],"curies":[{"name":"wp","href":"https:\/\/api.w.org\/{rel}","templated":true}]}}