{"id":2006134,"date":"2022-07-28T12:17:10","date_gmt":"2022-07-28T10:17:10","guid":{"rendered":"https:\/\/de.tilta.com\/shop\/cables-de-extension-de-mango-para-dji-ronin-4d\/"},"modified":"2025-12-05T13:38:17","modified_gmt":"2025-12-05T12:38:17","slug":"handle-extension-cables-for-dji-ronin-4d","status":"publish","type":"product","link":"https:\/\/eu.tilta.com\/es\/shop\/handle-extension-cables-for-dji-ronin-4d\/","title":{"rendered":"Cables de extensi\u00f3n de mango para DJI Ronin 4D"},"content":{"rendered":"<p>\u00a1Ampl\u00eda las posibilidades del DJI Ronin 4D con estos cables alargadores de empu\u00f1adura!<\/p>\n<p>Estos cables se conectan a las ranuras de las empu\u00f1aduras del cuerpo de la c\u00e1mara Ronin 4D en un extremo y a las rosetas est\u00e1ndar ARRI en el otro, lo que te permite reubicar las empu\u00f1aduras cuando utilices algo como nuestro Soporte de hombro ligero o un sistema de soporte similar.<\/p>\n<p>Esto te permite tener todo el control que proporcionan las Asas 4D mientras disparas en una configuraci\u00f3n montada en el hombro.<\/p>\n","protected":false},"excerpt":{"rendered":"<p>\u00a1Ampl\u00eda las posibilidades del DJI Ronin 4D con estos cables alargadores de empu\u00f1adura! Estos cables se conectan a las ranuras de las empu\u00f1aduras del cuerpo de la c\u00e1mara Ronin 4D en un extremo y a las rosetas est\u00e1ndar ARRI en [&hellip;]<\/p>\n","protected":false},"featured_media":2006135,"comment_status":"closed","ping_status":"closed","template":"","meta":[],"product_cat":[3013,2942],"product_tag":[],"acf":[],"gallery_images":[1925847],"_links":{"self":[{"href":"https:\/\/eu.tilta.com\/es\/wp-json\/wp\/v2\/product\/2006134"}],"collection":[{"href":"https:\/\/eu.tilta.com\/es\/wp-json\/wp\/v2\/product"}],"about":[{"href":"https:\/\/eu.tilta.com\/es\/wp-json\/wp\/v2\/types\/product"}],"replies":[{"embeddable":true,"href":"https:\/\/eu.tilta.com\/es\/wp-json\/wp\/v2\/comments?post=2006134"}],"wp:featuredmedia":[{"embeddable":true,"href":"https:\/\/eu.tilta.com\/es\/wp-json\/wp\/v2\/media\/2006135"}],"wp:attachment":[{"href":"https:\/\/eu.tilta.com\/es\/wp-json\/wp\/v2\/media?parent=2006134"}],"wp:term":[{"taxonomy":"product_cat","embeddable":true,"href":"https:\/\/eu.tilta.com\/es\/wp-json\/wp\/v2\/product_cat?post=2006134"},{"taxonomy":"product_tag","embeddable":true,"href":"https:\/\/eu.tilta.com\/es\/wp-json\/wp\/v2\/product_tag?post=2006134"}],"curies":[{"name":"wp","href":"https:\/\/api.w.org\/{rel}","templated":true}]}}