{"id":2006139,"date":"2022-07-28T11:54:35","date_gmt":"2022-07-28T09:54:35","guid":{"rendered":"https:\/\/de.tilta.com\/shop\/contrapeso-500g-negro\/"},"modified":"2026-04-01T10:34:13","modified_gmt":"2026-04-01T08:34:13","slug":"500g-counterweight-black","status":"publish","type":"product","link":"https:\/\/eu.tilta.com\/es\/shop\/500g-counterweight-black\/","title":{"rendered":"Contrapeso 500G &#8211; Negro"},"content":{"rendered":"<p>Este contrapeso de 500 g est\u00e1 dise\u00f1ado para montarse en la parte posterior del Aparejo Ligero de Hombro, con el fin de equilibrar mejor el aparejo sobre tu hombro.<\/p>\n<p>Esto te permite ajustar f\u00e1cilmente el centro de gravedad del aparejo en relaci\u00f3n con tu hombro, permitiendo un manejo c\u00f3modo durante periodos de tiempo m\u00e1s largos.<\/p>\n<p>La rosca de 1\/4&#8243;-20 de la parte posterior permite apilarlos seg\u00fan sea necesario.<\/p>\n<p>Tambi\u00e9n se puede utilizar junto con la Pinza de Contrapeso de Brazo Lateral y\/o el Adaptador de Contrapeso de Placa Base de Liberaci\u00f3n R\u00e1pida.<\/p>\n<p>Esto puede proporcionar peso adicional si es necesario al equilibrar la configuraci\u00f3n de tu c\u00e1mara en un card\u00e1n en situaciones m\u00e1s extremas.<\/p>\n<p>&nbsp;<\/p>\n<p>&nbsp;<\/p>\n","protected":false},"excerpt":{"rendered":"<p>Este contrapeso de 500 g est\u00e1 dise\u00f1ado para montarse en la parte posterior del Aparejo Ligero de Hombro, con el fin de equilibrar mejor el aparejo sobre tu hombro. Esto te permite ajustar f\u00e1cilmente el centro de gravedad del aparejo [&hellip;]<\/p>\n","protected":false},"featured_media":2006140,"comment_status":"closed","ping_status":"closed","template":"","meta":[],"product_cat":[2942,3025],"product_tag":[],"acf":[],"gallery_images":[2006141,2006142,2006143],"_links":{"self":[{"href":"https:\/\/eu.tilta.com\/es\/wp-json\/wp\/v2\/product\/2006139"}],"collection":[{"href":"https:\/\/eu.tilta.com\/es\/wp-json\/wp\/v2\/product"}],"about":[{"href":"https:\/\/eu.tilta.com\/es\/wp-json\/wp\/v2\/types\/product"}],"replies":[{"embeddable":true,"href":"https:\/\/eu.tilta.com\/es\/wp-json\/wp\/v2\/comments?post=2006139"}],"wp:featuredmedia":[{"embeddable":true,"href":"https:\/\/eu.tilta.com\/es\/wp-json\/wp\/v2\/media\/2006140"}],"wp:attachment":[{"href":"https:\/\/eu.tilta.com\/es\/wp-json\/wp\/v2\/media?parent=2006139"}],"wp:term":[{"taxonomy":"product_cat","embeddable":true,"href":"https:\/\/eu.tilta.com\/es\/wp-json\/wp\/v2\/product_cat?post=2006139"},{"taxonomy":"product_tag","embeddable":true,"href":"https:\/\/eu.tilta.com\/es\/wp-json\/wp\/v2\/product_tag?post=2006139"}],"curies":[{"name":"wp","href":"https:\/\/api.w.org\/{rel}","templated":true}]}}