{"id":2006145,"date":"2022-07-25T09:17:56","date_gmt":"2022-07-25T07:17:56","guid":{"rendered":"https:\/\/de.tilta.com\/shop\/aparejo-de-hombro-ligero-tilta-negro\/"},"modified":"2026-04-27T13:16:13","modified_gmt":"2026-04-27T11:16:13","slug":"tiltaing-lightweight-shoulder-rig-black","status":"publish","type":"product","link":"https:\/\/eu.tilta.com\/es\/shop\/tiltaing-lightweight-shoulder-rig-black\/","title":{"rendered":"Aparejo de hombro ligero Tilta &#8211; Negro"},"content":{"rendered":"<p><strong>*Compatible con la mayor\u00eda de c\u00e1maras de cine compactas y DSLR*.  <\/strong><\/p>\n<p><strong>NOTA: La placa base Manfrotto\/ARCA est\u00e1 dise\u00f1ada para la placa de liberaci\u00f3n r\u00e1pida Tilta incluida.<\/strong><\/p>\n<p><strong>Algunas otras placas de liberaci\u00f3n r\u00e1pida Manfrotto\/ARCA pueden ser compatibles, pero no se puede garantizar.<\/strong><\/p>\n<p><strong>Para m\u00e1s informaci\u00f3n sobre c\u00f3mo ajustar la tensi\u00f3n de la palanca de tu placa base, ponte en contacto con: support@tilta.com  <\/strong><\/p>\n<p>\u00a1Arma tu c\u00e1mara con el Soporte de Hombro Ligero Tilta! Es la soluci\u00f3n perfecta para manejar c\u00e1maras port\u00e1tiles ligeras.<\/p>\n<p>La base de este aparejo incorpora una placa base doble Manfrotto ARCA, que te permite utilizar la placa de liberaci\u00f3n r\u00e1pida de cualquiera de los dos sistemas o la placa Manfrotto\/ARCA dos en uno incluida.<\/p>\n<p>Esta placa base se puede retirar cuando sea necesario y se pueden montar otras placas base o colas de milano en la placa principal de este soporte de hombro mediante roscas de 1\/4&#8243;-20.<\/p>\n<p>Cuando se utiliza con nuestra cola de milano est\u00e1ndar Tilta, puedes pasar r\u00e1pidamente de un tr\u00edpode u otro sistema de apoyo a este ligero soporte para el hombro.<\/p>\n<p>La hombrera de velcro incluida tambi\u00e9n se puede ajustar de forma independiente, lo que permite un equilibrio perfecto del sistema de c\u00e1mara sobre tu hombro.<\/p>\n<p>Los brazos ajustables y extensibles de la roseta te permiten ajustar con precisi\u00f3n la longitud y el \u00e1ngulo de las empu\u00f1aduras para que te resulte m\u00e1s c\u00f3modo trabajar en varias posiciones.<\/p>\n<p>Los brazos extensibles incorporan una rosca de 1\/4&#8243;-20 en el propio brazo, lo que te permite montar un monitor externo mediante un brazo articulado.<\/p>\n<p>Esto te permite montar el monitor m\u00e1s lejos de ti de lo que ser\u00eda posible mont\u00e1ndolo directamente en el cuerpo de la c\u00e1mara.<\/p>\n<p>El puente de la roseta puede girar 360 grados, lo que permite plegar r\u00e1pidamente este aparejo para transportarlo.<\/p>\n<p>El soporte de varilla LWS de 15 mm de la parte posterior del equipo admite un par de varillas de 15 mm y accesorios basados en varillas, como varias placas de bater\u00eda.<\/p>\n<p>Esto ayuda a proporcionar energ\u00eda a tu c\u00e1mara y equilibra el equipo sobre tu hombro, ya que puede desplazar el centro de gravedad m\u00e1s cerca de ti, lo que hace que sea m\u00e1s f\u00e1cil y c\u00f3modo manejarlo durante periodos de tiempo m\u00e1s largos.<\/p>\n<p>En la parte trasera del equipo tambi\u00e9n encontrar\u00e1s un ra\u00edl NATO que te permite montar contrapesos y otros accesorios mediante una peque\u00f1a placa adaptadora.<\/p>\n<p>Este Adaptador OTAN tambi\u00e9n te permitir\u00e1 montar la Almohadilla de Apoyo para el Hombro Trasero incluida, que proporciona un punto de contacto adicional al operar.<\/p>\n<p>&nbsp;<\/p>\n<p>&nbsp;<\/p>\n<p>&nbsp;<\/p>\n","protected":false},"excerpt":{"rendered":"<p>*Compatible con la mayor\u00eda de c\u00e1maras de cine compactas y DSLR*. NOTA: La placa base Manfrotto\/ARCA est\u00e1 dise\u00f1ada para la placa de liberaci\u00f3n r\u00e1pida Tilta incluida. Algunas otras placas de liberaci\u00f3n r\u00e1pida Manfrotto\/ARCA pueden ser compatibles, pero no se puede [&hellip;]<\/p>\n","protected":false},"featured_media":2006146,"comment_status":"closed","ping_status":"closed","template":"","meta":[],"product_cat":[3899,2750,2749,2942],"product_tag":[],"acf":[],"gallery_images":[2006147,2006148,2006149,2006150,2006151,2006152,2006153],"_links":{"self":[{"href":"https:\/\/eu.tilta.com\/es\/wp-json\/wp\/v2\/product\/2006145"}],"collection":[{"href":"https:\/\/eu.tilta.com\/es\/wp-json\/wp\/v2\/product"}],"about":[{"href":"https:\/\/eu.tilta.com\/es\/wp-json\/wp\/v2\/types\/product"}],"replies":[{"embeddable":true,"href":"https:\/\/eu.tilta.com\/es\/wp-json\/wp\/v2\/comments?post=2006145"}],"wp:featuredmedia":[{"embeddable":true,"href":"https:\/\/eu.tilta.com\/es\/wp-json\/wp\/v2\/media\/2006146"}],"wp:attachment":[{"href":"https:\/\/eu.tilta.com\/es\/wp-json\/wp\/v2\/media?parent=2006145"}],"wp:term":[{"taxonomy":"product_cat","embeddable":true,"href":"https:\/\/eu.tilta.com\/es\/wp-json\/wp\/v2\/product_cat?post=2006145"},{"taxonomy":"product_tag","embeddable":true,"href":"https:\/\/eu.tilta.com\/es\/wp-json\/wp\/v2\/product_tag?post=2006145"}],"curies":[{"name":"wp","href":"https:\/\/api.w.org\/{rel}","templated":true}]}}