{"id":2006219,"date":"2022-07-11T09:53:45","date_gmt":"2022-07-11T07:53:45","guid":{"rendered":"https:\/\/de.tilta.com\/shop\/tilta-advanced-fijacion-lateral-izquierda-de-la-empunadura-tipo-ix-negro\/"},"modified":"2026-02-16T09:00:57","modified_gmt":"2026-02-16T08:00:57","slug":"tiltaing-advanced-left-side-handle-attachment-type-ix-black","status":"publish","type":"product","link":"https:\/\/eu.tilta.com\/es\/shop\/tiltaing-advanced-left-side-handle-attachment-type-ix-black\/","title":{"rendered":"Tilta Advanced Fijaci\u00f3n lateral izquierda de la empu\u00f1adura Tipo IX &#8211; Negro"},"content":{"rendered":"<p>Este Accesorio de Empu\u00f1adura Lateral te permite montar tu Empu\u00f1adura de Madera Lateral Izquierda Avanzada en la ranura de la empu\u00f1adura del DJI Ronin 4D o del Monitor de Control Remoto de Alto Brillo de DJI.<\/p>\n<p>Este adaptador crea una fuerte conexi\u00f3n para el montaje de la empu\u00f1adura, al tiempo que permite la rotaci\u00f3n mediante el elemento ajustable de la propia empu\u00f1adura.<\/p>\n","protected":false},"excerpt":{"rendered":"<p>Este Accesorio de Empu\u00f1adura Lateral te permite montar tu Empu\u00f1adura de Madera Lateral Izquierda Avanzada en la ranura de la empu\u00f1adura del DJI Ronin 4D o del Monitor de Control Remoto de Alto Brillo de DJI. Este adaptador crea una [&hellip;]<\/p>\n","protected":false},"featured_media":2006220,"comment_status":"closed","ping_status":"closed","template":"","meta":[],"product_cat":[3013,3007],"product_tag":[],"acf":[],"gallery_images":[2006221,2006222],"_links":{"self":[{"href":"https:\/\/eu.tilta.com\/es\/wp-json\/wp\/v2\/product\/2006219"}],"collection":[{"href":"https:\/\/eu.tilta.com\/es\/wp-json\/wp\/v2\/product"}],"about":[{"href":"https:\/\/eu.tilta.com\/es\/wp-json\/wp\/v2\/types\/product"}],"replies":[{"embeddable":true,"href":"https:\/\/eu.tilta.com\/es\/wp-json\/wp\/v2\/comments?post=2006219"}],"wp:featuredmedia":[{"embeddable":true,"href":"https:\/\/eu.tilta.com\/es\/wp-json\/wp\/v2\/media\/2006220"}],"wp:attachment":[{"href":"https:\/\/eu.tilta.com\/es\/wp-json\/wp\/v2\/media?parent=2006219"}],"wp:term":[{"taxonomy":"product_cat","embeddable":true,"href":"https:\/\/eu.tilta.com\/es\/wp-json\/wp\/v2\/product_cat?post=2006219"},{"taxonomy":"product_tag","embeddable":true,"href":"https:\/\/eu.tilta.com\/es\/wp-json\/wp\/v2\/product_tag?post=2006219"}],"curies":[{"name":"wp","href":"https:\/\/api.w.org\/{rel}","templated":true}]}}