{"id":2006224,"date":"2022-07-11T09:47:34","date_gmt":"2022-07-11T07:47:34","guid":{"rendered":"https:\/\/de.tilta.com\/shop\/tilta-advanced-fijacion-del-asa-lateral-derecha-tipo-ix-negro\/"},"modified":"2026-02-16T09:00:57","modified_gmt":"2026-02-16T08:00:57","slug":"tiltaing-advanced-right-side-handle-attachment-type-ix-black","status":"publish","type":"product","link":"https:\/\/eu.tilta.com\/es\/shop\/tiltaing-advanced-right-side-handle-attachment-type-ix-black\/","title":{"rendered":"Tilta Advanced Fijaci\u00f3n del Asa Lateral Derecha Tipo IX &#8211; Negro"},"content":{"rendered":"<p>Este Accesorio de Empu\u00f1adura Lateral te permite montar tu Empu\u00f1adura de Madera Lateral Derecha Avanzada en la ranura de la empu\u00f1adura del DJI Ronin 4D o del Monitor de Control Remoto de Alto Brillo de DJI.<\/p>\n<p>Este adaptador crea una fuerte conexi\u00f3n para el montaje de la empu\u00f1adura, al tiempo que permite la rotaci\u00f3n mediante el elemento ajustable de la propia empu\u00f1adura.<\/p>\n","protected":false},"excerpt":{"rendered":"<p>Este Accesorio de Empu\u00f1adura Lateral te permite montar tu Empu\u00f1adura de Madera Lateral Derecha Avanzada en la ranura de la empu\u00f1adura del DJI Ronin 4D o del Monitor de Control Remoto de Alto Brillo de DJI. Este adaptador crea una [&hellip;]<\/p>\n","protected":false},"featured_media":2006225,"comment_status":"closed","ping_status":"closed","template":"","meta":[],"product_cat":[3013,3007],"product_tag":[],"acf":[],"gallery_images":[2006226,2006227],"_links":{"self":[{"href":"https:\/\/eu.tilta.com\/es\/wp-json\/wp\/v2\/product\/2006224"}],"collection":[{"href":"https:\/\/eu.tilta.com\/es\/wp-json\/wp\/v2\/product"}],"about":[{"href":"https:\/\/eu.tilta.com\/es\/wp-json\/wp\/v2\/types\/product"}],"replies":[{"embeddable":true,"href":"https:\/\/eu.tilta.com\/es\/wp-json\/wp\/v2\/comments?post=2006224"}],"wp:featuredmedia":[{"embeddable":true,"href":"https:\/\/eu.tilta.com\/es\/wp-json\/wp\/v2\/media\/2006225"}],"wp:attachment":[{"href":"https:\/\/eu.tilta.com\/es\/wp-json\/wp\/v2\/media?parent=2006224"}],"wp:term":[{"taxonomy":"product_cat","embeddable":true,"href":"https:\/\/eu.tilta.com\/es\/wp-json\/wp\/v2\/product_cat?post=2006224"},{"taxonomy":"product_tag","embeddable":true,"href":"https:\/\/eu.tilta.com\/es\/wp-json\/wp\/v2\/product_tag?post=2006224"}],"curies":[{"name":"wp","href":"https:\/\/api.w.org\/{rel}","templated":true}]}}