{"id":2006237,"date":"2022-06-24T10:55:57","date_gmt":"2022-06-24T08:55:57","guid":{"rendered":"https:\/\/de.tilta.com\/shop\/tilta-advanced-fijacion-de-asa-lateral-derecha-tipo-viii-negro\/"},"modified":"2025-12-05T13:38:21","modified_gmt":"2025-12-05T12:38:21","slug":"tiltaing-advanced-right-side-handle-attachment-type-viii-black","status":"publish","type":"product","link":"https:\/\/eu.tilta.com\/es\/shop\/tiltaing-advanced-right-side-handle-attachment-type-viii-black\/","title":{"rendered":"Tilta Advanced Fijaci\u00f3n de asa lateral derecha Tipo VIII &#8211; Negro"},"content":{"rendered":"<p>Este accesorio de empu\u00f1adura lateral te permite montar tu empu\u00f1adura de madera lateral derecha avanzada mediante una conexi\u00f3n de ra\u00edl OTAN.<\/p>\n<p>Es la opci\u00f3n perfecta para nuestra RED Raptor Cage, RED Komodo Cage o cualquier otra jaula de c\u00e1mara que incorpore un ra\u00edl NATO.<\/p>\n<p>Este tipo de fijaci\u00f3n tambi\u00e9n se puede adaptar para que funcione con casi cualquier jaula mediante la fijaci\u00f3n para ra\u00edl OTAN de 36 mm incluida, que se puede montar mediante 1\/4&#8243;-20.<\/p>\n","protected":false},"excerpt":{"rendered":"<p>Este accesorio de empu\u00f1adura lateral te permite montar tu empu\u00f1adura de madera lateral derecha avanzada mediante una conexi\u00f3n de ra\u00edl OTAN. Es la opci\u00f3n perfecta para nuestra RED Raptor Cage, RED Komodo Cage o cualquier otra jaula de c\u00e1mara que [&hellip;]<\/p>\n","protected":false},"featured_media":2006238,"comment_status":"closed","ping_status":"closed","template":"","meta":[],"product_cat":[3007],"product_tag":[],"acf":[],"gallery_images":[2006239,2006240],"_links":{"self":[{"href":"https:\/\/eu.tilta.com\/es\/wp-json\/wp\/v2\/product\/2006237"}],"collection":[{"href":"https:\/\/eu.tilta.com\/es\/wp-json\/wp\/v2\/product"}],"about":[{"href":"https:\/\/eu.tilta.com\/es\/wp-json\/wp\/v2\/types\/product"}],"replies":[{"embeddable":true,"href":"https:\/\/eu.tilta.com\/es\/wp-json\/wp\/v2\/comments?post=2006237"}],"wp:featuredmedia":[{"embeddable":true,"href":"https:\/\/eu.tilta.com\/es\/wp-json\/wp\/v2\/media\/2006238"}],"wp:attachment":[{"href":"https:\/\/eu.tilta.com\/es\/wp-json\/wp\/v2\/media?parent=2006237"}],"wp:term":[{"taxonomy":"product_cat","embeddable":true,"href":"https:\/\/eu.tilta.com\/es\/wp-json\/wp\/v2\/product_cat?post=2006237"},{"taxonomy":"product_tag","embeddable":true,"href":"https:\/\/eu.tilta.com\/es\/wp-json\/wp\/v2\/product_tag?post=2006237"}],"curies":[{"name":"wp","href":"https:\/\/api.w.org\/{rel}","templated":true}]}}