{"id":2006245,"date":"2022-06-15T14:57:09","date_gmt":"2022-06-15T12:57:09","guid":{"rendered":"https:\/\/de.tilta.com\/shop\/cable-de-alimentacion-usb-c-60-cm\/"},"modified":"2025-12-05T13:38:21","modified_gmt":"2025-12-05T12:38:21","slug":"usb-c-power-cable-60cm","status":"publish","type":"product","link":"https:\/\/eu.tilta.com\/es\/shop\/usb-c-power-cable-60cm\/","title":{"rendered":"Cable de alimentaci\u00f3n USB-C (60 cm)"},"content":{"rendered":"<p>Este cable de alimentaci\u00f3n USB-C a USB-C de 60 cm te permite alimentar accesorios USB-C a trav\u00e9s de fuentes de alimentaci\u00f3n USB-C.<\/p>\n<p>Es una gran opci\u00f3n para alimentar los Motores de Seguimiento de Enfoque Inal\u00e1mbricos Nucleus Nano II, especialmente cuando se encadenan motores en objetivos zoom m\u00e1s peque\u00f1os.<\/p>\n","protected":false},"excerpt":{"rendered":"<p>Este cable de alimentaci\u00f3n USB-C a USB-C de 60 cm te permite alimentar accesorios USB-C a trav\u00e9s de fuentes de alimentaci\u00f3n USB-C. Es una gran opci\u00f3n para alimentar los Motores de Seguimiento de Enfoque Inal\u00e1mbricos Nucleus Nano II, especialmente cuando [&hellip;]<\/p>\n","protected":false},"featured_media":2006246,"comment_status":"closed","ping_status":"closed","template":"","meta":[],"product_cat":[2740,2838,2891,2776,2853],"product_tag":[],"acf":[],"gallery_images":[],"_links":{"self":[{"href":"https:\/\/eu.tilta.com\/es\/wp-json\/wp\/v2\/product\/2006245"}],"collection":[{"href":"https:\/\/eu.tilta.com\/es\/wp-json\/wp\/v2\/product"}],"about":[{"href":"https:\/\/eu.tilta.com\/es\/wp-json\/wp\/v2\/types\/product"}],"replies":[{"embeddable":true,"href":"https:\/\/eu.tilta.com\/es\/wp-json\/wp\/v2\/comments?post=2006245"}],"wp:featuredmedia":[{"embeddable":true,"href":"https:\/\/eu.tilta.com\/es\/wp-json\/wp\/v2\/media\/2006246"}],"wp:attachment":[{"href":"https:\/\/eu.tilta.com\/es\/wp-json\/wp\/v2\/media?parent=2006245"}],"wp:term":[{"taxonomy":"product_cat","embeddable":true,"href":"https:\/\/eu.tilta.com\/es\/wp-json\/wp\/v2\/product_cat?post=2006245"},{"taxonomy":"product_tag","embeddable":true,"href":"https:\/\/eu.tilta.com\/es\/wp-json\/wp\/v2\/product_tag?post=2006245"}],"curies":[{"name":"wp","href":"https:\/\/api.w.org\/{rel}","templated":true}]}}