{"id":2006257,"date":"2022-06-14T15:50:44","date_gmt":"2022-06-14T13:50:44","guid":{"rendered":"https:\/\/de.tilta.com\/shop\/soporte-adaptador-de-montura-ef-para-canon-r5c-negro\/"},"modified":"2025-12-05T13:38:23","modified_gmt":"2025-12-05T12:38:23","slug":"ef-mount-adapter-support-for-canon-r5c-black","status":"publish","type":"product","link":"https:\/\/eu.tilta.com\/es\/shop\/ef-mount-adapter-support-for-canon-r5c-black\/","title":{"rendered":"Soporte adaptador de montura EF para Canon R5C &#8211; Negro"},"content":{"rendered":"<p>Este soporte adaptador de montura EF para Canon R5C se fija a la parte delantera de la jaula mediante tornillos M3 y proporciona un soporte adicional para un adaptador de montura de objetivo RF a EF.<\/p>\n<p>Esto proporciona un punto de contacto adicional entre tu jaula y el adaptador del objetivo, lo que ayuda a crear una conexi\u00f3n m\u00e1s segura y limita los desplazamientos de la imagen que podr\u00edan causar los sistemas de enfoque por seguimiento.<\/p>\n","protected":false},"excerpt":{"rendered":"<p>Este soporte adaptador de montura EF para Canon R5C se fija a la parte delantera de la jaula mediante tornillos M3 y proporciona un soporte adicional para un adaptador de montura de objetivo RF a EF. Esto proporciona un punto [&hellip;]<\/p>\n","protected":false},"featured_media":2006258,"comment_status":"closed","ping_status":"closed","template":"","meta":[],"product_cat":[2740],"product_tag":[],"acf":[],"gallery_images":[1923493],"_links":{"self":[{"href":"https:\/\/eu.tilta.com\/es\/wp-json\/wp\/v2\/product\/2006257"}],"collection":[{"href":"https:\/\/eu.tilta.com\/es\/wp-json\/wp\/v2\/product"}],"about":[{"href":"https:\/\/eu.tilta.com\/es\/wp-json\/wp\/v2\/types\/product"}],"replies":[{"embeddable":true,"href":"https:\/\/eu.tilta.com\/es\/wp-json\/wp\/v2\/comments?post=2006257"}],"wp:featuredmedia":[{"embeddable":true,"href":"https:\/\/eu.tilta.com\/es\/wp-json\/wp\/v2\/media\/2006258"}],"wp:attachment":[{"href":"https:\/\/eu.tilta.com\/es\/wp-json\/wp\/v2\/media?parent=2006257"}],"wp:term":[{"taxonomy":"product_cat","embeddable":true,"href":"https:\/\/eu.tilta.com\/es\/wp-json\/wp\/v2\/product_cat?post=2006257"},{"taxonomy":"product_tag","embeddable":true,"href":"https:\/\/eu.tilta.com\/es\/wp-json\/wp\/v2\/product_tag?post=2006257"}],"curies":[{"name":"wp","href":"https:\/\/api.w.org\/{rel}","templated":true}]}}