{"id":2006260,"date":"2022-06-14T15:49:13","date_gmt":"2022-06-14T13:49:13","guid":{"rendered":"https:\/\/de.tilta.com\/shop\/abrazadera-hdmi-para-canon-r5c-negro\/"},"modified":"2025-12-05T13:38:23","modified_gmt":"2025-12-05T12:38:23","slug":"hdmi-clamp-attachment-for-canon-r5c-black","status":"publish","type":"product","link":"https:\/\/eu.tilta.com\/es\/shop\/hdmi-clamp-attachment-for-canon-r5c-black\/","title":{"rendered":"Abrazadera HDMI para Canon R5C &#8211; Negro"},"content":{"rendered":"<p>Esta Abrazadera HDMI para Canon R5C se conecta al lateral de la Jaula Completa R5C y te permite fijar el Adaptador HDMI a Micro HDMI opcional y un Cable USB-C opcional.<\/p>\n<p>Esto ayudar\u00e1 a evitar que estos cables se suelten al disparar y proporcionar\u00e1 una protecci\u00f3n adicional a los puertos del cuerpo de tu c\u00e1mara.<\/p>\n<p>Esto puede ser especialmente \u00fatil cuando se utiliza una grabadora externa, ya que un cable suelto podr\u00eda arruinar una toma si se desconecta accidentalmente.<\/p>\n","protected":false},"excerpt":{"rendered":"<p>Esta Abrazadera HDMI para Canon R5C se conecta al lateral de la Jaula Completa R5C y te permite fijar el Adaptador HDMI a Micro HDMI opcional y un Cable USB-C opcional. Esto ayudar\u00e1 a evitar que estos cables se suelten [&hellip;]<\/p>\n","protected":false},"featured_media":2006261,"comment_status":"closed","ping_status":"closed","template":"","meta":[],"product_cat":[2740,2943],"product_tag":[],"acf":[],"gallery_images":[2006262],"_links":{"self":[{"href":"https:\/\/eu.tilta.com\/es\/wp-json\/wp\/v2\/product\/2006260"}],"collection":[{"href":"https:\/\/eu.tilta.com\/es\/wp-json\/wp\/v2\/product"}],"about":[{"href":"https:\/\/eu.tilta.com\/es\/wp-json\/wp\/v2\/types\/product"}],"replies":[{"embeddable":true,"href":"https:\/\/eu.tilta.com\/es\/wp-json\/wp\/v2\/comments?post=2006260"}],"wp:featuredmedia":[{"embeddable":true,"href":"https:\/\/eu.tilta.com\/es\/wp-json\/wp\/v2\/media\/2006261"}],"wp:attachment":[{"href":"https:\/\/eu.tilta.com\/es\/wp-json\/wp\/v2\/media?parent=2006260"}],"wp:term":[{"taxonomy":"product_cat","embeddable":true,"href":"https:\/\/eu.tilta.com\/es\/wp-json\/wp\/v2\/product_cat?post=2006260"},{"taxonomy":"product_tag","embeddable":true,"href":"https:\/\/eu.tilta.com\/es\/wp-json\/wp\/v2\/product_tag?post=2006260"}],"curies":[{"name":"wp","href":"https:\/\/api.w.org\/{rel}","templated":true}]}}