{"id":2006263,"date":"2022-06-13T12:27:28","date_gmt":"2022-06-13T10:27:28","guid":{"rendered":"https:\/\/de.tilta.com\/shop\/jaula-para-canon-r5c-kit-basico-negro\/"},"modified":"2025-12-09T19:50:53","modified_gmt":"2025-12-09T18:50:53","slug":"camera-cage-for-canon-r5c-basic-kit-black","status":"publish","type":"product","link":"https:\/\/eu.tilta.com\/es\/shop\/camera-cage-for-canon-r5c-basic-kit-black\/","title":{"rendered":"Jaula para Canon R5C Kit B\u00e1sico &#8211; Negro"},"content":{"rendered":"<p>Esta Jaula para C\u00e1mara ofrece una mayor protecci\u00f3n para la Canon R5C a la vez que ampl\u00eda las opciones de montaje para diversos accesorios de c\u00e1mara.<\/p>\n<p>La jaula dispone de una conexi\u00f3n de roseta ARRI, dos receptores de zapata fr\u00eda y conexiones de ra\u00edl NATO en la parte superior e izquierda de la jaula.<\/p>\n<p>Estas conexiones son opciones perfectas para montar cualquiera de nuestras Asas Laterales Tipo IV\/VI opcionales o nuestra Asa Superior Compacta NATO.<\/p>\n<p>La jaula tambi\u00e9n dispone de varios puntos de montaje de \u00bc&#8221;-20 con pasadores de fijaci\u00f3n, varias roscas M3 y ranuras integradas para una correa de hombro.<\/p>\n<p>El asa superior de liberaci\u00f3n r\u00e1pida incluida puede montarse en el receptor de la zapata fr\u00eda que se encuentra en la parte superior de la jaula y proporciona una forma c\u00f3moda de manejar la c\u00e1mara y conseguir tomas de \u00e1ngulo bajo.<\/p>\n<p>La propia empu\u00f1adura proporciona varios puntos de montaje de 1\/4&#8243;-20 y 3\/8&#8243;-16, as\u00ed como dos receptores de zapata fr\u00eda en la parte delantera y trasera de la empu\u00f1adura.<\/p>\n<p>La empu\u00f1adura incorpora una montura de varilla horizontal de 15 mm que permite diversas posibilidades de rigging, como montar un EVF o un monitor externo mediante una varilla de 15 mm.<\/p>\n<p>Se puede acoplar el Asa Superior Ajustable opcional para cambiar r\u00e1pidamente entre las configuraciones de disparo horizontal y vertical.<\/p>\n<p>La jaula se conecta al cuerpo de tu c\u00e1mara mediante un tornillo de \u00bc&#8221;-20 y utiliza un punto de contacto adicional mediante un pasador de fijaci\u00f3n para evitar que la c\u00e1mara se mueva dentro de la jaula.<\/p>\n<p>La almohadilla de silicona incorporada ayuda a mantener el cuerpo de la c\u00e1mara en su sitio, al tiempo que lo protege de cualquier ara\u00f1azo que pudiera causarle la jaula.<\/p>\n<p>La base de la jaula tambi\u00e9n ofrece un par de opciones de montaje para fijar el sistema a diferentes placas de liberaci\u00f3n r\u00e1pida y admite de forma nativa nuestra <a href=\"https:\/\/de.tilta.com\/shop\/tiltaing-smart-v-mount-battery-baseplate-arca-black\/\">placa base<\/a> <a href=\"https:\/\/de.tilta.com\/shop\/tiltaing-15mm-lws-baseplate-type-iv\/\">de<\/a> <a href=\"https:\/\/de.tilta.com\/shop\/tiltaing-smart-v-mount-battery-baseplate-arca-black\/\">bater\u00eda de montaje Smart V<\/a> y <a href=\"https:\/\/de.tilta.com\/shop\/tiltaing-15mm-lws-baseplate-type-iv\/\">la placa base LWS tipo IV<\/a>.<\/p>\n<p>La placa inferior te permite acceder f\u00e1cilmente al compartimento de las pilas y tambi\u00e9n incluye una ranura para un destornillador magn\u00e9tico incluido.<\/p>\n<p>La abrazadera incluida se conecta al lateral de la jaula y te permite fijar el adaptador HDMI a Micro HDMI incluido y un cable USB-C opcional.<\/p>\n<p>Este accesorio ayudar\u00e1 a evitar que estos cables se suelten al disparar y proporcionar\u00e1 una protecci\u00f3n adicional a los puertos del cuerpo de tu c\u00e1mara.<\/p>\n<p>Esto puede ser especialmente \u00fatil cuando se utiliza una grabadora externa, ya que un cable suelto podr\u00eda arruinar una toma si se desconecta accidentalmente.<\/p>\n<p>La abrazadera de soporte de montura de objetivo incluida se fija a la parte frontal de la jaula mediante tornillos M3 y proporciona soporte adicional para un adaptador de montura de objetivo RF a EF.<\/p>\n<p>Esto proporciona un punto de contacto adicional entre tu jaula y el adaptador del objetivo, lo que ayuda a crear una conexi\u00f3n m\u00e1s segura y limita los desplazamientos de la imagen que podr\u00edan causar los sistemas de enfoque por seguimiento.<\/p>\n","protected":false},"excerpt":{"rendered":"<p>Esta Jaula para C\u00e1mara ofrece una mayor protecci\u00f3n para la Canon R5C a la vez que ampl\u00eda las opciones de montaje para diversos accesorios de c\u00e1mara. La jaula dispone de una conexi\u00f3n de roseta ARRI, dos receptores de zapata fr\u00eda [&hellip;]<\/p>\n","protected":false},"featured_media":2006264,"comment_status":"closed","ping_status":"closed","template":"","meta":[],"product_cat":[2740],"product_tag":[],"acf":[],"gallery_images":[1954726,1954727,1924934,1924935,1924936],"_links":{"self":[{"href":"https:\/\/eu.tilta.com\/es\/wp-json\/wp\/v2\/product\/2006263"}],"collection":[{"href":"https:\/\/eu.tilta.com\/es\/wp-json\/wp\/v2\/product"}],"about":[{"href":"https:\/\/eu.tilta.com\/es\/wp-json\/wp\/v2\/types\/product"}],"replies":[{"embeddable":true,"href":"https:\/\/eu.tilta.com\/es\/wp-json\/wp\/v2\/comments?post=2006263"}],"wp:featuredmedia":[{"embeddable":true,"href":"https:\/\/eu.tilta.com\/es\/wp-json\/wp\/v2\/media\/2006264"}],"wp:attachment":[{"href":"https:\/\/eu.tilta.com\/es\/wp-json\/wp\/v2\/media?parent=2006263"}],"wp:term":[{"taxonomy":"product_cat","embeddable":true,"href":"https:\/\/eu.tilta.com\/es\/wp-json\/wp\/v2\/product_cat?post=2006263"},{"taxonomy":"product_tag","embeddable":true,"href":"https:\/\/eu.tilta.com\/es\/wp-json\/wp\/v2\/product_tag?post=2006263"}],"curies":[{"name":"wp","href":"https:\/\/api.w.org\/{rel}","templated":true}]}}