{"id":2006297,"date":"2022-05-23T10:55:37","date_gmt":"2022-05-23T08:55:37","guid":{"rendered":"https:\/\/de.tilta.com\/shop\/hombrera-flotante-tilta\/"},"modified":"2025-12-05T13:38:25","modified_gmt":"2025-12-05T12:38:25","slug":"tilta-float-shoulder-support","status":"publish","type":"product","link":"https:\/\/eu.tilta.com\/es\/shop\/tilta-float-shoulder-support\/","title":{"rendered":"Hombrera Flotante Tilta"},"content":{"rendered":"<p>Este Soporte de Hombro para el <a href=\"https:\/\/de.tilta.com\/shop\/tilta-float-handheld-gimbal-support-system\/\">Sistema de Flotaci\u00f3n Tilta<\/a> ampl\u00eda el Chaleco de Soporte incluido en todas las versiones del Kit de Flotaci\u00f3n.<\/p>\n<p>El soporte adicional para los hombros permite a los usuarios manejar m\u00e1s c\u00f3modamente aparejos de cualquier tama\u00f1o al redistribuir el peso de la cintura a los hombros.<\/p>\n<p>Esto tambi\u00e9n evita que el chaleco de sujeci\u00f3n se hunda cuando se utiliza con un sistema m\u00e1s pesado.<\/p>\n<p>El Soporte para el Hombro es la soluci\u00f3n perfecta para quienes desean volar c\u00e1maras m\u00e1s grandes en su Flotador o necesitan manejar el Flotador durante periodos de tiempo m\u00e1s largos.<\/p>\n","protected":false},"excerpt":{"rendered":"<p>Este Soporte de Hombro para el Sistema de Flotaci\u00f3n Tilta ampl\u00eda el Chaleco de Soporte incluido en todas las versiones del Kit de Flotaci\u00f3n. El soporte adicional para los hombros permite a los usuarios manejar m\u00e1s c\u00f3modamente aparejos de cualquier [&hellip;]<\/p>\n","protected":false},"featured_media":2006298,"comment_status":"closed","ping_status":"closed","template":"","meta":[],"product_cat":[2763,2764],"product_tag":[],"acf":[],"gallery_images":[2006299,2006300,2006301,2006302],"_links":{"self":[{"href":"https:\/\/eu.tilta.com\/es\/wp-json\/wp\/v2\/product\/2006297"}],"collection":[{"href":"https:\/\/eu.tilta.com\/es\/wp-json\/wp\/v2\/product"}],"about":[{"href":"https:\/\/eu.tilta.com\/es\/wp-json\/wp\/v2\/types\/product"}],"replies":[{"embeddable":true,"href":"https:\/\/eu.tilta.com\/es\/wp-json\/wp\/v2\/comments?post=2006297"}],"wp:featuredmedia":[{"embeddable":true,"href":"https:\/\/eu.tilta.com\/es\/wp-json\/wp\/v2\/media\/2006298"}],"wp:attachment":[{"href":"https:\/\/eu.tilta.com\/es\/wp-json\/wp\/v2\/media?parent=2006297"}],"wp:term":[{"taxonomy":"product_cat","embeddable":true,"href":"https:\/\/eu.tilta.com\/es\/wp-json\/wp\/v2\/product_cat?post=2006297"},{"taxonomy":"product_tag","embeddable":true,"href":"https:\/\/eu.tilta.com\/es\/wp-json\/wp\/v2\/product_tag?post=2006297"}],"curies":[{"name":"wp","href":"https:\/\/api.w.org\/{rel}","templated":true}]}}