{"id":2006310,"date":"2022-05-18T10:09:47","date_gmt":"2022-05-18T08:09:47","guid":{"rendered":"https:\/\/de.tilta.com\/shop\/soporte-para-monitor-del-sistema-de-flotacion-tilta\/"},"modified":"2025-12-05T13:38:25","modified_gmt":"2025-12-05T12:38:25","slug":"tilta-float-system-monitor-bracket","status":"publish","type":"product","link":"https:\/\/eu.tilta.com\/es\/shop\/tilta-float-system-monitor-bracket\/","title":{"rendered":"Soporte para monitor del sistema de flotaci\u00f3n Tilta"},"content":{"rendered":"<p>Este soporte para monitor est\u00e1 dise\u00f1ado para montarse en el yugo del Tilta Float con el fin de soportar el <a href=\"https:\/\/de.tilta.com\/shop\/wireless-thumb-controller-for-rs-2\/#\">mando inal\u00e1mbrico para RS 2<\/a> y otros accesorios, como un monitor externo.<\/p>\n<p>Este soporte incluye un punto de montaje de 1\/4&#8243;-20, as\u00ed como dos receptores de <a href=\"https:\/\/de.tilta.com\/shop\/tiltaing-adjustable-cold-shoe-accessory-mounting-bracket\/\">zapata fr\u00eda<\/a>, que te permiten montar un monitor externo mediante nuestro <a href=\"https:\/\/de.tilta.com\/shop\/tiltaing-adjustable-cold-shoe-accessory-mounting-bracket\/\">soporte de zapata fr\u00eda para monitor<\/a>.<\/p>\n<p>Esta placa de montaje de zapata fr\u00eda es ajustable, lo que te permite colocar el monitor de forma que no limite tu amplitud de movimiento al utilizar el Flotador.<\/p>\n<p>Este soporte funciona como sustituto del incluido en el <a href=\"https:\/\/de.tilta.com\/shop\/tilta-float-handheld-gimbal-support-system\/\">sistema de soporte de card\u00e1n de mano Tilta Float.<\/a><\/p>\n","protected":false},"excerpt":{"rendered":"<p>Este soporte para monitor est\u00e1 dise\u00f1ado para montarse en el yugo del Tilta Float con el fin de soportar el mando inal\u00e1mbrico para RS 2 y otros accesorios, como un monitor externo. Este soporte incluye un punto de montaje de [&hellip;]<\/p>\n","protected":false},"featured_media":2006312,"comment_status":"closed","ping_status":"closed","template":"","meta":[],"product_cat":[2763],"product_tag":[],"acf":[],"gallery_images":[1922287],"_links":{"self":[{"href":"https:\/\/eu.tilta.com\/es\/wp-json\/wp\/v2\/product\/2006310"}],"collection":[{"href":"https:\/\/eu.tilta.com\/es\/wp-json\/wp\/v2\/product"}],"about":[{"href":"https:\/\/eu.tilta.com\/es\/wp-json\/wp\/v2\/types\/product"}],"replies":[{"embeddable":true,"href":"https:\/\/eu.tilta.com\/es\/wp-json\/wp\/v2\/comments?post=2006310"}],"wp:featuredmedia":[{"embeddable":true,"href":"https:\/\/eu.tilta.com\/es\/wp-json\/wp\/v2\/media\/2006312"}],"wp:attachment":[{"href":"https:\/\/eu.tilta.com\/es\/wp-json\/wp\/v2\/media?parent=2006310"}],"wp:term":[{"taxonomy":"product_cat","embeddable":true,"href":"https:\/\/eu.tilta.com\/es\/wp-json\/wp\/v2\/product_cat?post=2006310"},{"taxonomy":"product_tag","embeddable":true,"href":"https:\/\/eu.tilta.com\/es\/wp-json\/wp\/v2\/product_tag?post=2006310"}],"curies":[{"name":"wp","href":"https:\/\/api.w.org\/{rel}","templated":true}]}}