{"id":2006325,"date":"2022-05-18T09:54:46","date_gmt":"2022-05-18T07:54:46","guid":{"rendered":"https:\/\/de.tilta.com\/shop\/controlador-inalambrico-de-pulgar-para-dji-ronin\/"},"modified":"2025-12-05T13:38:26","modified_gmt":"2025-12-05T12:38:26","slug":"wireless-thumb-controller-for-dji-ronin","status":"publish","type":"product","link":"https:\/\/eu.tilta.com\/es\/shop\/wireless-thumb-controller-for-dji-ronin\/","title":{"rendered":"Controlador inal\u00e1mbrico de pulgar para DJI Ronin"},"content":{"rendered":"<p>Este controlador inal\u00e1mbrico de pulgar para el DJI RS2 y RS3 Pro te permite controlar de forma inal\u00e1mbrica el Ronin, as\u00ed como un motor de enfoque de seguimiento <a href=\"https:\/\/de.tilta.com\/shop\/nucleus-m-wireless-follow-focus\/\">Nucleus M<\/a> o <a href=\"https:\/\/de.tilta.com\/product-category\/lens-control-systems\/nucleus-nano-wireless-lens-control-system\/\">Nucleus Nano<\/a>.<\/p>\n<p>Esta unidad est\u00e1 dise\u00f1ada para montarse en el yugo de tu Tilta Float mediante el soporte para monitor del sistema.<\/p>\n<p>El controlador funciona con <a href=\"https:\/\/www.bhphotovideo.com\/c\/product\/1498986-REG\/gopro_ajbat_001_rechargeable_li_ion_battery_for.html\/?ap=y&amp;ap=y&amp;smp=y&amp;smp=y&amp;lsft=BI%3A514&amp;gclid=Cj0KCQjwidSWBhDdARIsAIoTVb2qTaI2ceUdPUqS9Z6NSyfc3K5TrendVjlE4hcFNSmLOrQZTvZi0bMaAlyoEALw_wcB\">las pilas Go Pro 5-8<\/a> y dispone de un puerto USB-C que puede utilizarse para futuras actualizaciones de firmware. Ten en cuenta que no recomendamos alimentar la unidad a trav\u00e9s de este puerto.<\/p>\n<p>Este Controlador funciona como sustituto del incluido en el <a href=\"https:\/\/de.tilta.com\/shop\/tilta-float-handheld-gimbal-support-system\/\">Sistema de Soporte Gimbal Port\u00e1til Tilta Float<\/a> y tambi\u00e9n se puede utilizar de forma independiente con el <a href=\"https:\/\/de.tilta.com\/shop\/wireless-control-receiver-module-for-rs-2\/\">M\u00f3dulo Receptor de Control Inal\u00e1mbrico para RS 2<\/a>.<\/p>\n<p><strong>NOTA: La funci\u00f3n Grabar no es compatible con los Motores de la Serie Nucleus.<\/strong><\/p>\n<p>RS3\/RS3 Pro: La Tecla M NO es capaz de imitar la funci\u00f3n del card\u00e1n. La Tecla M de esta unidad S\u00d3LO puede cambiar la configuraci\u00f3n del Modo.<\/p>\n","protected":false},"excerpt":{"rendered":"<p>Este controlador inal\u00e1mbrico de pulgar para el DJI RS2 y RS3 Pro te permite controlar de forma inal\u00e1mbrica el Ronin, as\u00ed como un motor de enfoque de seguimiento Nucleus M o Nucleus Nano. Esta unidad est\u00e1 dise\u00f1ada para montarse en [&hellip;]<\/p>\n","protected":false},"featured_media":2006329,"comment_status":"closed","ping_status":"closed","template":"","meta":[],"product_cat":[2763],"product_tag":[],"acf":[],"gallery_images":[2006330],"_links":{"self":[{"href":"https:\/\/eu.tilta.com\/es\/wp-json\/wp\/v2\/product\/2006325"}],"collection":[{"href":"https:\/\/eu.tilta.com\/es\/wp-json\/wp\/v2\/product"}],"about":[{"href":"https:\/\/eu.tilta.com\/es\/wp-json\/wp\/v2\/types\/product"}],"replies":[{"embeddable":true,"href":"https:\/\/eu.tilta.com\/es\/wp-json\/wp\/v2\/comments?post=2006325"}],"wp:featuredmedia":[{"embeddable":true,"href":"https:\/\/eu.tilta.com\/es\/wp-json\/wp\/v2\/media\/2006329"}],"wp:attachment":[{"href":"https:\/\/eu.tilta.com\/es\/wp-json\/wp\/v2\/media?parent=2006325"}],"wp:term":[{"taxonomy":"product_cat","embeddable":true,"href":"https:\/\/eu.tilta.com\/es\/wp-json\/wp\/v2\/product_cat?post=2006325"},{"taxonomy":"product_tag","embeddable":true,"href":"https:\/\/eu.tilta.com\/es\/wp-json\/wp\/v2\/product_tag?post=2006325"}],"curies":[{"name":"wp","href":"https:\/\/api.w.org\/{rel}","templated":true}]}}