{"id":2006331,"date":"2022-04-08T09:06:22","date_gmt":"2022-04-08T07:06:22","guid":{"rendered":"https:\/\/de.tilta.com\/shop\/kit-protector-de-filtro-para-tilta-mirage\/"},"modified":"2026-02-13T20:15:32","modified_gmt":"2026-02-13T19:15:32","slug":"filter-protector-kit-for-tilta-mirage","status":"publish","type":"product","link":"https:\/\/eu.tilta.com\/es\/shop\/filter-protector-kit-for-tilta-mirage\/","title":{"rendered":"Kit protector de filtro para Tilta Mirage"},"content":{"rendered":"<p>Este kit protector de filtro para Tilta Mirage incluye un marco de montaje y un filtro transparente que puede colocarse detr\u00e1s, sobre la ranura para filtros de 4\u00d75,65 de la caja mate.<\/p>\n<p>Esto te permite montar f\u00e1cilmente una capa adicional de protecci\u00f3n en tu caja mate para proteger tus filtros circulares de 95 mm y el cristal de tu objetivo de manchas, ara\u00f1azos y suciedad mientras disparas.<\/p>\n<p>Se pueden adquirir <a href=\"https:\/\/de.tilta.com\/shop\/filter-protector-glass-for-tilta-mirage\/\">Filtros transparentes<\/a> adicionales para que siempre est\u00e9s preparado cuando filmes temas m\u00e1s arriesgados, como escenas de riesgo o veh\u00edculos en movimiento.<\/p>\n<p>Para instalar este kit, primero tendr\u00e1s que introducir el Filtro Transparente en la parte frontal de la caja mate y, a continuaci\u00f3n, colocar el Soporte del Filtro encima del Filtro Transparente y bloquearlo en su sitio.<\/p>\n","protected":false},"excerpt":{"rendered":"<p>Este kit protector de filtro para Tilta Mirage incluye un marco de montaje y un filtro transparente que puede colocarse detr\u00e1s, sobre la ranura para filtros de 4\u00d75,65 de la caja mate. Esto te permite montar f\u00e1cilmente una capa adicional [&hellip;]<\/p>\n","protected":false},"featured_media":2006332,"comment_status":"closed","ping_status":"closed","template":"","meta":[],"product_cat":[2939],"product_tag":[],"acf":[],"gallery_images":[1920145,1920146,1920144],"_links":{"self":[{"href":"https:\/\/eu.tilta.com\/es\/wp-json\/wp\/v2\/product\/2006331"}],"collection":[{"href":"https:\/\/eu.tilta.com\/es\/wp-json\/wp\/v2\/product"}],"about":[{"href":"https:\/\/eu.tilta.com\/es\/wp-json\/wp\/v2\/types\/product"}],"replies":[{"embeddable":true,"href":"https:\/\/eu.tilta.com\/es\/wp-json\/wp\/v2\/comments?post=2006331"}],"wp:featuredmedia":[{"embeddable":true,"href":"https:\/\/eu.tilta.com\/es\/wp-json\/wp\/v2\/media\/2006332"}],"wp:attachment":[{"href":"https:\/\/eu.tilta.com\/es\/wp-json\/wp\/v2\/media?parent=2006331"}],"wp:term":[{"taxonomy":"product_cat","embeddable":true,"href":"https:\/\/eu.tilta.com\/es\/wp-json\/wp\/v2\/product_cat?post=2006331"},{"taxonomy":"product_tag","embeddable":true,"href":"https:\/\/eu.tilta.com\/es\/wp-json\/wp\/v2\/product_tag?post=2006331"}],"curies":[{"name":"wp","href":"https:\/\/api.w.org\/{rel}","templated":true}]}}