{"id":2006353,"date":"2022-03-04T10:31:51","date_gmt":"2022-03-04T09:31:51","guid":{"rendered":"https:\/\/de.tilta.com\/shop\/kit-de-ventosas-para-montaje-en-rail-rapido\/"},"modified":"2025-12-05T13:38:29","modified_gmt":"2025-12-05T12:38:29","slug":"speed-rail-mounting-suction-cup-kit","status":"publish","type":"product","link":"https:\/\/eu.tilta.com\/es\/shop\/speed-rail-mounting-suction-cup-kit\/","title":{"rendered":"Kit de ventosas para montaje en ra\u00edl r\u00e1pido"},"content":{"rendered":"<p>Estas 4 ventosas de gran capacidad soportan individualmente 50 kg o unas 110 libras.<\/p>\n<p>Estas ventosas se conectan al ra\u00edl r\u00e1pido de 50 mm mediante abrazaderas ajustables, lo que permite colocarlas en casi cualquier posici\u00f3n para que se adapten f\u00e1cilmente a la mayor\u00eda de los veh\u00edculos.<\/p>\n<p>Utilizar varias ventosas te permite construir una base incre\u00edblemente estable en la que montar brazos amortiguadores u otros equipos.<\/p>\n<p>Estas ventosas funcionan como recambios de las que se incluyen en <a href=\"https:\/\/de.tilta.com\/shop\/speed-rail-car-mounting-kit\/\">el kit de montaje de coches Speed Rail<\/a> y tambi\u00e9n se pueden utilizar como complemento del kit original para construir plataformas m\u00e1s grandes o m\u00e1s seguras.<\/p>\n","protected":false},"excerpt":{"rendered":"<p>Estas 4 ventosas de gran capacidad soportan individualmente 50 kg o unas 110 libras. Estas ventosas se conectan al ra\u00edl r\u00e1pido de 50 mm mediante abrazaderas ajustables, lo que permite colocarlas en casi cualquier posici\u00f3n para que se adapten f\u00e1cilmente [&hellip;]<\/p>\n","protected":false},"featured_media":2006354,"comment_status":"closed","ping_status":"closed","template":"","meta":[],"product_cat":[2977,2726],"product_tag":[],"acf":[],"gallery_images":[],"_links":{"self":[{"href":"https:\/\/eu.tilta.com\/es\/wp-json\/wp\/v2\/product\/2006353"}],"collection":[{"href":"https:\/\/eu.tilta.com\/es\/wp-json\/wp\/v2\/product"}],"about":[{"href":"https:\/\/eu.tilta.com\/es\/wp-json\/wp\/v2\/types\/product"}],"replies":[{"embeddable":true,"href":"https:\/\/eu.tilta.com\/es\/wp-json\/wp\/v2\/comments?post=2006353"}],"wp:featuredmedia":[{"embeddable":true,"href":"https:\/\/eu.tilta.com\/es\/wp-json\/wp\/v2\/media\/2006354"}],"wp:attachment":[{"href":"https:\/\/eu.tilta.com\/es\/wp-json\/wp\/v2\/media?parent=2006353"}],"wp:term":[{"taxonomy":"product_cat","embeddable":true,"href":"https:\/\/eu.tilta.com\/es\/wp-json\/wp\/v2\/product_cat?post=2006353"},{"taxonomy":"product_tag","embeddable":true,"href":"https:\/\/eu.tilta.com\/es\/wp-json\/wp\/v2\/product_tag?post=2006353"}],"curies":[{"name":"wp","href":"https:\/\/api.w.org\/{rel}","templated":true}]}}