{"id":2006357,"date":"2022-03-04T10:07:58","date_gmt":"2022-03-04T09:07:58","guid":{"rendered":"https:\/\/de.tilta.com\/shop\/kit-de-montaje-para-vagon-de-rail-rapido\/"},"modified":"2025-12-05T13:38:50","modified_gmt":"2025-12-05T12:38:50","slug":"speed-rail-car-mounting-kit","status":"publish","type":"product","link":"https:\/\/eu.tilta.com\/es\/shop\/speed-rail-car-mounting-kit\/","title":{"rendered":"Kit de montaje para vag\u00f3n de ra\u00edl r\u00e1pido"},"content":{"rendered":"<p>\u00a1Arma tu veh\u00edculo con el kit de montaje para coche Speed Rail dise\u00f1ado para el Hydra Predator y otros brazos amortiguadores montados en coche!<\/p>\n<p>Este kit te permite construir montajes de ra\u00edles de velocidad personalizados para soportar varios brazos amortiguadores en m\u00faltiples configuraciones.<\/p>\n<p>El kit est\u00e1 construido en torno a 6 piezas de ra\u00edl de velocidad, de dos tama\u00f1os diferentes, que pueden utilizarse solas o interconectadas para crear piezas m\u00e1s largas para necesidades espec\u00edficas de aparejo.<\/p>\n<p>Las 4 abrazaderas de montaje ajustables te permiten conectar el ra\u00edl de velocidad en casi cualquier configuraci\u00f3n.<\/p>\n<p>El kit incluye 4 ventosas de gran capacidad, cada una de ellas clasificada individualmente para 50 kg o unas 110 libras.<\/p>\n<p>Estas ventosas se conectan al ra\u00edl de velocidad mediante abrazaderas ajustables, lo que permite colocarlas en casi cualquier posici\u00f3n para que se adapten f\u00e1cilmente a la mayor\u00eda de los veh\u00edculos.<\/p>\n<p>La utilizaci\u00f3n de 4 ventosas te permite construir una base incre\u00edblemente estable en la que montar brazos amortiguadores u otros equipos.<\/p>\n<p>El adaptador de gancho de remolque delantero incluido te permite conectar el sistema a cualquier veh\u00edculo que ya tenga ese punto de montaje. que ayuda a crear una conexi\u00f3n segura que depende de algo m\u00e1s que de la succi\u00f3n.<\/p>\n<p>Dimensiones: (Di\u00e1metro exterior x Di\u00e1metro interior x Longitud)<\/p>\n<p>Ra\u00edl largo de velocidad &#8211; 50 x 46 x 730 mm<\/p>\n<p>Ra\u00edl corto de velocidad &#8211; 50 x 46 x 355 mm<\/p>\n<p>&nbsp;<\/p>\n","protected":false},"excerpt":{"rendered":"<p>\u00a1Arma tu veh\u00edculo con el kit de montaje para coche Speed Rail dise\u00f1ado para el Hydra Predator y otros brazos amortiguadores montados en coche! Este kit te permite construir montajes de ra\u00edles de velocidad personalizados para soportar varios brazos amortiguadores [&hellip;]<\/p>\n","protected":false},"featured_media":2006358,"comment_status":"closed","ping_status":"closed","template":"","meta":[],"product_cat":[3245,2977,2720,2724],"product_tag":[],"acf":[],"gallery_images":[2006359,2006360,2006361],"_links":{"self":[{"href":"https:\/\/eu.tilta.com\/es\/wp-json\/wp\/v2\/product\/2006357"}],"collection":[{"href":"https:\/\/eu.tilta.com\/es\/wp-json\/wp\/v2\/product"}],"about":[{"href":"https:\/\/eu.tilta.com\/es\/wp-json\/wp\/v2\/types\/product"}],"replies":[{"embeddable":true,"href":"https:\/\/eu.tilta.com\/es\/wp-json\/wp\/v2\/comments?post=2006357"}],"wp:featuredmedia":[{"embeddable":true,"href":"https:\/\/eu.tilta.com\/es\/wp-json\/wp\/v2\/media\/2006358"}],"wp:attachment":[{"href":"https:\/\/eu.tilta.com\/es\/wp-json\/wp\/v2\/media?parent=2006357"}],"wp:term":[{"taxonomy":"product_cat","embeddable":true,"href":"https:\/\/eu.tilta.com\/es\/wp-json\/wp\/v2\/product_cat?post=2006357"},{"taxonomy":"product_tag","embeddable":true,"href":"https:\/\/eu.tilta.com\/es\/wp-json\/wp\/v2\/product_tag?post=2006357"}],"curies":[{"name":"wp","href":"https:\/\/api.w.org\/{rel}","templated":true}]}}