{"id":2006374,"date":"2022-03-04T09:54:05","date_gmt":"2022-03-04T08:54:05","guid":{"rendered":"https:\/\/de.tilta.com\/shop\/estuche-rigido-para-el-kit-de-montaje-en-cabina-speed-rail\/"},"modified":"2025-12-05T13:38:51","modified_gmt":"2025-12-05T12:38:51","slug":"hard-shell-case-for-speed-rail-car-mounting-kit","status":"publish","type":"product","link":"https:\/\/eu.tilta.com\/es\/shop\/hard-shell-case-for-speed-rail-car-mounting-kit\/","title":{"rendered":"Estuche r\u00edgido para el kit de montaje en cabina Speed Rail"},"content":{"rendered":"<p>Este malet\u00edn de seguridad de carcasa r\u00edgida est\u00e1 dise\u00f1ado para guardar y proteger el <a href=\"https:\/\/de.tilta.com\/shop\/speed-rail-car-mounting-kit\/\">kit de montaje para carros Speed Rail<\/a>.<\/p>\n<p>Esto te permite transportar con seguridad el sistema entre lugares de rodaje y guardarlo ordenadamente cuando no lo utilices.<\/p>\n<p>Las ruedas incorporadas te permiten desplazar f\u00e1cilmente la maleta cuando transportes el sistema.<\/p>\n<p>Este malet\u00edn funciona como sustituto del que se incluye con el <a href=\"https:\/\/de.tilta.com\/shop\/speed-rail-car-mounting-kit\/\">Kit de montaje para vagones Speed Rail<\/a>, pero tambi\u00e9n puede utilizarse para guardar otros equipos si es necesario.<\/p>\n","protected":false},"excerpt":{"rendered":"<p>Este malet\u00edn de seguridad de carcasa r\u00edgida est\u00e1 dise\u00f1ado para guardar y proteger el kit de montaje para carros Speed Rail. Esto te permite transportar con seguridad el sistema entre lugares de rodaje y guardarlo ordenadamente cuando no lo utilices. [&hellip;]<\/p>\n","protected":false},"featured_media":2006375,"comment_status":"closed","ping_status":"closed","template":"","meta":[],"product_cat":[2977],"product_tag":[],"acf":[],"gallery_images":[],"_links":{"self":[{"href":"https:\/\/eu.tilta.com\/es\/wp-json\/wp\/v2\/product\/2006374"}],"collection":[{"href":"https:\/\/eu.tilta.com\/es\/wp-json\/wp\/v2\/product"}],"about":[{"href":"https:\/\/eu.tilta.com\/es\/wp-json\/wp\/v2\/types\/product"}],"replies":[{"embeddable":true,"href":"https:\/\/eu.tilta.com\/es\/wp-json\/wp\/v2\/comments?post=2006374"}],"wp:featuredmedia":[{"embeddable":true,"href":"https:\/\/eu.tilta.com\/es\/wp-json\/wp\/v2\/media\/2006375"}],"wp:attachment":[{"href":"https:\/\/eu.tilta.com\/es\/wp-json\/wp\/v2\/media?parent=2006374"}],"wp:term":[{"taxonomy":"product_cat","embeddable":true,"href":"https:\/\/eu.tilta.com\/es\/wp-json\/wp\/v2\/product_cat?post=2006374"},{"taxonomy":"product_tag","embeddable":true,"href":"https:\/\/eu.tilta.com\/es\/wp-json\/wp\/v2\/product_tag?post=2006374"}],"curies":[{"name":"wp","href":"https:\/\/api.w.org\/{rel}","templated":true}]}}