{"id":2006376,"date":"2022-03-04T09:35:36","date_gmt":"2022-03-04T08:35:36","guid":{"rendered":"https:\/\/de.tilta.com\/shop\/extension-mecanica-para-el-soporte-de-la-fuente-de-alimentacion-de-doble-asa\/"},"modified":"2025-12-05T13:38:51","modified_gmt":"2025-12-05T12:38:51","slug":"mechanical-extension-for-dual-handle-power-supply-bracket","status":"publish","type":"product","link":"https:\/\/eu.tilta.com\/es\/shop\/mechanical-extension-for-dual-handle-power-supply-bracket\/","title":{"rendered":"Extensi\u00f3n mec\u00e1nica para el soporte de la fuente de alimentaci\u00f3n de doble asa"},"content":{"rendered":"<p>Esta Extensi\u00f3n Mec\u00e1nica se conecta mediante un ra\u00edl de la OTAN al Soporte de Alimentaci\u00f3n de Doble Asa para montar accesorios adicionales y proporcionar un segundo punto de contacto para el funcionamiento.<\/p>\n<p>Este accesorio funciona como pieza de repuesto de la que se incluye en el kit y tambi\u00e9n puede utilizarse en otras configuraciones de bricolaje mediante los puntos de conexi\u00f3n universales como OTAN, 1\/4&#8243;-20 y zapata fr\u00eda.<\/p>\n","protected":false},"excerpt":{"rendered":"<p>Esta Extensi\u00f3n Mec\u00e1nica se conecta mediante un ra\u00edl de la OTAN al Soporte de Alimentaci\u00f3n de Doble Asa para montar accesorios adicionales y proporcionar un segundo punto de contacto para el funcionamiento. Este accesorio funciona como pieza de repuesto de [&hellip;]<\/p>\n","protected":false},"featured_media":2006377,"comment_status":"closed","ping_status":"closed","template":"","meta":[],"product_cat":[3026,2764],"product_tag":[],"acf":[],"gallery_images":[2006378,2006379],"_links":{"self":[{"href":"https:\/\/eu.tilta.com\/es\/wp-json\/wp\/v2\/product\/2006376"}],"collection":[{"href":"https:\/\/eu.tilta.com\/es\/wp-json\/wp\/v2\/product"}],"about":[{"href":"https:\/\/eu.tilta.com\/es\/wp-json\/wp\/v2\/types\/product"}],"replies":[{"embeddable":true,"href":"https:\/\/eu.tilta.com\/es\/wp-json\/wp\/v2\/comments?post=2006376"}],"wp:featuredmedia":[{"embeddable":true,"href":"https:\/\/eu.tilta.com\/es\/wp-json\/wp\/v2\/media\/2006377"}],"wp:attachment":[{"href":"https:\/\/eu.tilta.com\/es\/wp-json\/wp\/v2\/media?parent=2006376"}],"wp:term":[{"taxonomy":"product_cat","embeddable":true,"href":"https:\/\/eu.tilta.com\/es\/wp-json\/wp\/v2\/product_cat?post=2006376"},{"taxonomy":"product_tag","embeddable":true,"href":"https:\/\/eu.tilta.com\/es\/wp-json\/wp\/v2\/product_tag?post=2006376"}],"curies":[{"name":"wp","href":"https:\/\/api.w.org\/{rel}","templated":true}]}}