{"id":2006414,"date":"2022-03-03T09:48:59","date_gmt":"2022-03-03T08:48:59","guid":{"rendered":"https:\/\/de.tilta.com\/shop\/tilta-soporte-doble-para-canas-de-15-mm-negro\/"},"modified":"2025-12-05T13:38:53","modified_gmt":"2025-12-05T12:38:53","slug":"tiltaing-dual-15mm-rod-holder-attachment-black","status":"publish","type":"product","link":"https:\/\/eu.tilta.com\/es\/shop\/tiltaing-dual-15mm-rod-holder-attachment-black\/","title":{"rendered":"Tilta Soporte doble para ca\u00f1as de 15 mm &#8211; Negro"},"content":{"rendered":"<p>Este soporte doble para ca\u00f1as de 15 mm te permite montar ca\u00f1as LWS de 15 mm en la jaula de tu c\u00e1mara Nikon Z9, manteniendo la alineaci\u00f3n de altura correcta para el est\u00e1ndar LWS.<\/p>\n<p>Este accesorio se conecta a la parte delantera de la jaula mediante dos puntos de contacto, lo que garantiza una conexi\u00f3n segura entre el accesorio y la jaula.<\/p>\n<p>Este dise\u00f1o antitorsi\u00f3n tambi\u00e9n garantiza que cualquier accesorio montado a trav\u00e9s de estas varillas, como cajas de mate o sistemas de seguimiento de enfoque, se mantendr\u00e1 seguro sin a\u00f1adir tanto peso ni tama\u00f1o como las placas base tradicionales.<\/p>\n","protected":false},"excerpt":{"rendered":"<p>Este soporte doble para ca\u00f1as de 15 mm te permite montar ca\u00f1as LWS de 15 mm en la jaula de tu c\u00e1mara Nikon Z9, manteniendo la alineaci\u00f3n de altura correcta para el est\u00e1ndar LWS. Este accesorio se conecta a la [&hellip;]<\/p>\n","protected":false},"featured_media":2006415,"comment_status":"closed","ping_status":"closed","template":"","meta":[],"product_cat":[2739],"product_tag":[],"acf":[],"gallery_images":[1918317],"_links":{"self":[{"href":"https:\/\/eu.tilta.com\/es\/wp-json\/wp\/v2\/product\/2006414"}],"collection":[{"href":"https:\/\/eu.tilta.com\/es\/wp-json\/wp\/v2\/product"}],"about":[{"href":"https:\/\/eu.tilta.com\/es\/wp-json\/wp\/v2\/types\/product"}],"replies":[{"embeddable":true,"href":"https:\/\/eu.tilta.com\/es\/wp-json\/wp\/v2\/comments?post=2006414"}],"wp:featuredmedia":[{"embeddable":true,"href":"https:\/\/eu.tilta.com\/es\/wp-json\/wp\/v2\/media\/2006415"}],"wp:attachment":[{"href":"https:\/\/eu.tilta.com\/es\/wp-json\/wp\/v2\/media?parent=2006414"}],"wp:term":[{"taxonomy":"product_cat","embeddable":true,"href":"https:\/\/eu.tilta.com\/es\/wp-json\/wp\/v2\/product_cat?post=2006414"},{"taxonomy":"product_tag","embeddable":true,"href":"https:\/\/eu.tilta.com\/es\/wp-json\/wp\/v2\/product_tag?post=2006414"}],"curies":[{"name":"wp","href":"https:\/\/api.w.org\/{rel}","templated":true}]}}