{"id":2006421,"date":"2022-03-02T15:33:06","date_gmt":"2022-03-02T14:33:06","guid":{"rendered":"https:\/\/de.tilta.com\/shop\/adaptador-de-gancho-de-remolque-delantero-para-kit-de-montaje-en-coche-speed-rail\/"},"modified":"2025-12-05T13:38:53","modified_gmt":"2025-12-05T12:38:53","slug":"front-tow-hook-adapter-for-speed-rail-car-mounting-kit","status":"publish","type":"product","link":"https:\/\/eu.tilta.com\/es\/shop\/front-tow-hook-adapter-for-speed-rail-car-mounting-kit\/","title":{"rendered":"Adaptador de gancho de remolque delantero para kit de montaje en coche Speed Rail"},"content":{"rendered":"<p>Este Adaptador de Gancho de Remolque Delantero te permite conectar un Ra\u00edl R\u00e1pido de 50 mm a cualquier veh\u00edculo que tenga Gancho de Remolque.<\/p>\n<p>Esto ayuda a crear una conexi\u00f3n segura que depende de algo m\u00e1s que de la succi\u00f3n.<\/p>\n<p>Este Adaptador funciona como sustituto del incluido en el <a href=\"https:\/\/de.tilta.com\/shop\/speed-rail-car-mounting-kit\/\">Kit de Montaje para Autom\u00f3viles Speed Rail<\/a> y tambi\u00e9n puede utilizarse para acomodar veh\u00edculos con varios Ganchos de Remolque.<\/p>\n<p><strong>NOTA<\/strong>: Este adaptador necesitar\u00e1 una abrazadera de montaje de ra\u00edl r\u00e1pido para conectar otras piezas de ra\u00edl r\u00e1pido.<\/p>\n","protected":false},"excerpt":{"rendered":"<p>Este Adaptador de Gancho de Remolque Delantero te permite conectar un Ra\u00edl R\u00e1pido de 50 mm a cualquier veh\u00edculo que tenga Gancho de Remolque. Esto ayuda a crear una conexi\u00f3n segura que depende de algo m\u00e1s que de la succi\u00f3n. [&hellip;]<\/p>\n","protected":false},"featured_media":2006422,"comment_status":"closed","ping_status":"closed","template":"","meta":[],"product_cat":[2977],"product_tag":[],"acf":[],"gallery_images":[2006423,2006424],"_links":{"self":[{"href":"https:\/\/eu.tilta.com\/es\/wp-json\/wp\/v2\/product\/2006421"}],"collection":[{"href":"https:\/\/eu.tilta.com\/es\/wp-json\/wp\/v2\/product"}],"about":[{"href":"https:\/\/eu.tilta.com\/es\/wp-json\/wp\/v2\/types\/product"}],"replies":[{"embeddable":true,"href":"https:\/\/eu.tilta.com\/es\/wp-json\/wp\/v2\/comments?post=2006421"}],"wp:featuredmedia":[{"embeddable":true,"href":"https:\/\/eu.tilta.com\/es\/wp-json\/wp\/v2\/media\/2006422"}],"wp:attachment":[{"href":"https:\/\/eu.tilta.com\/es\/wp-json\/wp\/v2\/media?parent=2006421"}],"wp:term":[{"taxonomy":"product_cat","embeddable":true,"href":"https:\/\/eu.tilta.com\/es\/wp-json\/wp\/v2\/product_cat?post=2006421"},{"taxonomy":"product_tag","embeddable":true,"href":"https:\/\/eu.tilta.com\/es\/wp-json\/wp\/v2\/product_tag?post=2006421"}],"curies":[{"name":"wp","href":"https:\/\/api.w.org\/{rel}","templated":true}]}}