{"id":2006425,"date":"2022-03-02T15:21:48","date_gmt":"2022-03-02T14:21:48","guid":{"rendered":"https:\/\/de.tilta.com\/shop\/ventosa-de-montaje-en-carril-rapido\/"},"modified":"2025-12-05T13:38:53","modified_gmt":"2025-12-05T12:38:53","slug":"speed-rail-mounting-suction-cup","status":"publish","type":"product","link":"https:\/\/eu.tilta.com\/es\/shop\/speed-rail-mounting-suction-cup\/","title":{"rendered":"Ventosa de montaje en carril r\u00e1pido"},"content":{"rendered":"<p>Esta Ventosa de gran capacidad est\u00e1 clasificada individualmente para 50 kg o unas 110 lb.<\/p>\n<p>Estas ventosas se conectan al ra\u00edl de velocidad de 50 mm mediante abrazaderas ajustables, lo que permite colocarlas en casi cualquier posici\u00f3n para que se adapten f\u00e1cilmente a la mayor\u00eda de los veh\u00edculos.<\/p>\n<p>Utilizar varias ventosas te permite construir una base incre\u00edblemente estable en la que montar brazos amortiguadores u otros equipos.<\/p>\n<p>Esta ventosa funciona como sustituta de las que se incluyen en <a href=\"https:\/\/de.tilta.com\/shop\/speed-rail-car-mounting-kit\/\">el kit de montaje para coches Speed Rail<\/a> y tambi\u00e9n puede utilizarse como complemento del kit original para construir plataformas m\u00e1s grandes o m\u00e1s seguras.<\/p>\n","protected":false},"excerpt":{"rendered":"<p>Esta Ventosa de gran capacidad est\u00e1 clasificada individualmente para 50 kg o unas 110 lb. Estas ventosas se conectan al ra\u00edl de velocidad de 50 mm mediante abrazaderas ajustables, lo que permite colocarlas en casi cualquier posici\u00f3n para que se [&hellip;]<\/p>\n","protected":false},"featured_media":2006426,"comment_status":"closed","ping_status":"closed","template":"","meta":[],"product_cat":[2977,2726],"product_tag":[],"acf":[],"gallery_images":[],"_links":{"self":[{"href":"https:\/\/eu.tilta.com\/es\/wp-json\/wp\/v2\/product\/2006425"}],"collection":[{"href":"https:\/\/eu.tilta.com\/es\/wp-json\/wp\/v2\/product"}],"about":[{"href":"https:\/\/eu.tilta.com\/es\/wp-json\/wp\/v2\/types\/product"}],"replies":[{"embeddable":true,"href":"https:\/\/eu.tilta.com\/es\/wp-json\/wp\/v2\/comments?post=2006425"}],"wp:featuredmedia":[{"embeddable":true,"href":"https:\/\/eu.tilta.com\/es\/wp-json\/wp\/v2\/media\/2006426"}],"wp:attachment":[{"href":"https:\/\/eu.tilta.com\/es\/wp-json\/wp\/v2\/media?parent=2006425"}],"wp:term":[{"taxonomy":"product_cat","embeddable":true,"href":"https:\/\/eu.tilta.com\/es\/wp-json\/wp\/v2\/product_cat?post=2006425"},{"taxonomy":"product_tag","embeddable":true,"href":"https:\/\/eu.tilta.com\/es\/wp-json\/wp\/v2\/product_tag?post=2006425"}],"curies":[{"name":"wp","href":"https:\/\/api.w.org\/{rel}","templated":true}]}}