{"id":2006427,"date":"2022-03-02T15:05:52","date_gmt":"2022-03-02T14:05:52","guid":{"rendered":"https:\/\/de.tilta.com\/shop\/juego-de-railes-de-velocidad\/"},"modified":"2025-12-05T13:38:54","modified_gmt":"2025-12-05T12:38:54","slug":"speed-rail-set","status":"publish","type":"product","link":"https:\/\/eu.tilta.com\/es\/shop\/speed-rail-set\/","title":{"rendered":"Juego de ra\u00edles de velocidad"},"content":{"rendered":"<p>Este kit es la base de lo que necesitar\u00e1s para construir plataformas de ra\u00edles de velocidad personalizadas para soportar varios brazos amortiguadores en m\u00faltiples configuraciones.<\/p>\n<p>El kit incluye 6 piezas de Speed Rail de 50 mm, de dos tama\u00f1os diferentes, que pueden utilizarse solas o interconectadas para crear piezas m\u00e1s largas para necesidades espec\u00edficas de aparejo.<\/p>\n<p>Este kit funciona como sustituto del ra\u00edl Speed Rail incluido en el <a href=\"https:\/\/de.tilta.com\/shop\/speed-rail-car-mounting-kit\/\">kit de montaje de coches Speed Rail<\/a> y tambi\u00e9n puede utilizarse con el kit original para construir plataformas m\u00e1s grandes.<\/p>\n<p>Dimensiones: (Di\u00e1metro exterior x Di\u00e1metro interior x Longitud)<\/p>\n<p>Ra\u00edl largo de velocidad &#8211; 50 x 46 x 730 mm<\/p>\n<p>Ra\u00edl corto de velocidad &#8211; 50 x 46 x 355 mm<\/p>\n","protected":false},"excerpt":{"rendered":"<p>Este kit es la base de lo que necesitar\u00e1s para construir plataformas de ra\u00edles de velocidad personalizadas para soportar varios brazos amortiguadores en m\u00faltiples configuraciones. El kit incluye 6 piezas de Speed Rail de 50 mm, de dos tama\u00f1os diferentes, [&hellip;]<\/p>\n","protected":false},"featured_media":2006428,"comment_status":"closed","ping_status":"closed","template":"","meta":[],"product_cat":[2977],"product_tag":[],"acf":[],"gallery_images":[],"_links":{"self":[{"href":"https:\/\/eu.tilta.com\/es\/wp-json\/wp\/v2\/product\/2006427"}],"collection":[{"href":"https:\/\/eu.tilta.com\/es\/wp-json\/wp\/v2\/product"}],"about":[{"href":"https:\/\/eu.tilta.com\/es\/wp-json\/wp\/v2\/types\/product"}],"replies":[{"embeddable":true,"href":"https:\/\/eu.tilta.com\/es\/wp-json\/wp\/v2\/comments?post=2006427"}],"wp:featuredmedia":[{"embeddable":true,"href":"https:\/\/eu.tilta.com\/es\/wp-json\/wp\/v2\/media\/2006428"}],"wp:attachment":[{"href":"https:\/\/eu.tilta.com\/es\/wp-json\/wp\/v2\/media?parent=2006427"}],"wp:term":[{"taxonomy":"product_cat","embeddable":true,"href":"https:\/\/eu.tilta.com\/es\/wp-json\/wp\/v2\/product_cat?post=2006427"},{"taxonomy":"product_tag","embeddable":true,"href":"https:\/\/eu.tilta.com\/es\/wp-json\/wp\/v2\/product_tag?post=2006427"}],"curies":[{"name":"wp","href":"https:\/\/api.w.org\/{rel}","templated":true}]}}