{"id":2006429,"date":"2022-03-01T14:35:51","date_gmt":"2022-03-01T13:35:51","guid":{"rendered":"https:\/\/de.tilta.com\/shop\/sistema-de-soporte-de-doble-asa-tilta-float\/"},"modified":"2026-02-17T13:49:13","modified_gmt":"2026-02-17T12:49:13","slug":"tilta-float-dual-handle-support-system","status":"publish","type":"product","link":"https:\/\/eu.tilta.com\/es\/shop\/tilta-float-dual-handle-support-system\/","title":{"rendered":"Sistema de soporte de doble asa Tilta Float"},"content":{"rendered":"<p><strong>NOTA: El poste flotador NO se puede comprar por separado. La \u00daNICA forma de adquirir el poste para el flotador es en el <a href=\"https:\/\/de.tilta.com\/shop\/tilta-float-handheld-gimbal-support-system\/\">sistema<\/a> completo <a href=\"https:\/\/de.tilta.com\/shop\/tilta-float-handheld-gimbal-support-system\/\">de soporte de card\u00e1n de mano<\/a><\/strong><\/p>\n<p>Esta variaci\u00f3n del kit de flotador Tilta original est\u00e1 dise\u00f1ada espec\u00edficamente para soportar el soporte de la fuente de alimentaci\u00f3n de doble asa para RS2, a la vez que proporciona una mayor estabilidad y comodidad durante el funcionamiento.<\/p>\n<p>Este kit incluye el chaleco de apoyo, el brazo estabilizador y la funda de transporte del kit original, y como novedad incorpora el soporte de alimentaci\u00f3n de doble asa, el asa de control remoto RS2 y el adaptador Manfrotto.<\/p>\n<p>Este Adaptador te permite montar tu sistema de Empu\u00f1adura Doble directamente en el Brazo Estabilizador Flotante Tilta, lo que ofrece una experiencia de disparo con card\u00e1n m\u00e1s controlada y c\u00f3moda.<\/p>\n<p>Este Adaptador se ha desarrollado en colaboraci\u00f3n con <a href=\"https:\/\/www.facebook.com\/groups\/1398011240547585\/\">el<\/a> experto en modificaciones <a href=\"https:\/\/www.facebook.com\/groups\/1398011240547585\/\">de<\/a> nuestro <a href=\"https:\/\/www.facebook.com\/groups\/1398011240547585\/\">Grupo de Usuarios del Ecosistema DJI<\/a>, Vaho Mat, que ha estado ayudando a los usuarios de nuestra comunidad, en r\u00e1pido crecimiento, a ampliar la funcionalidad de sus equipos RS2.<\/p>\n<p>El soporte de alimentaci\u00f3n de doble asa te permite alimentar tu RS2 mediante una bater\u00eda Gold o V-Mount, al tiempo que proporciona estabilidad adicional y cuenta con m\u00faltiples puntos de montaje para fijar accesorios.<\/p>\n<p>El Soporte de la Fuente de Alimentaci\u00f3n te permite montar el Asa de la Bater\u00eda del RS2 para aumentar la duraci\u00f3n de la bater\u00eda en el lado izquierdo del soporte, mientras que las roscas y el adaptador NATO del lado derecho permiten montar el Asa del Mando a Distancia incluida.<\/p>\n<p>Esta empu\u00f1adura te permite controlar el Pan y la Inclinaci\u00f3n de tu RS2, as\u00ed como ajustes adicionales como la parada de ejecuci\u00f3n y las funciones fotogr\u00e1ficas de tu c\u00e1mara.<\/p>\n<p>La rueda de enfoque de la empu\u00f1adura te permite controlar de forma inal\u00e1mbrica un motor de control de objetivo DJI o de la serie Nucleus.<\/p>\n<p>El brazo estabilizador con resorte del flotador y el chaleco de apoyo est\u00e1n dise\u00f1ados para redistribuir el peso m\u00e1s cerca de tu cuerpo, permiti\u00e9ndote manejar el equipo durante m\u00e1s tiempo que con las configuraciones tradicionales de card\u00e1n.<\/p>\n<p>El nuevo Adaptador Manfrotto utiliza una placa Manfrotto de tama\u00f1o est\u00e1ndar, que te permite cambiar r\u00e1pidamente entre cabezas de tr\u00edpode Manfrotto compatibles y el Brazo Flotante Tilta.<\/p>\n<p>Este adaptador tambi\u00e9n se puede utilizar directamente con los cuerpos de las c\u00e1maras cuando no se utiliza el soporte de doble empu\u00f1adura, ya que puede proporcionar una comodidad adicional mientras se maneja y una mayor estabilidad al tiempo que produce un aspecto org\u00e1nico de c\u00e1mara en mano.<\/p>\n<p>&nbsp;<\/p>\n","protected":false},"excerpt":{"rendered":"<p>NOTA: El poste flotador NO se puede comprar por separado. La \u00daNICA forma de adquirir el poste para el flotador es en el sistema completo de soporte de card\u00e1n de mano Esta variaci\u00f3n del kit de flotador Tilta original est\u00e1 [&hellip;]<\/p>\n","protected":false},"featured_media":2006430,"comment_status":"closed","ping_status":"closed","template":"","meta":[],"product_cat":[2763,2764],"product_tag":[],"acf":[],"gallery_images":[2006431,2006432,2006433],"_links":{"self":[{"href":"https:\/\/eu.tilta.com\/es\/wp-json\/wp\/v2\/product\/2006429"}],"collection":[{"href":"https:\/\/eu.tilta.com\/es\/wp-json\/wp\/v2\/product"}],"about":[{"href":"https:\/\/eu.tilta.com\/es\/wp-json\/wp\/v2\/types\/product"}],"replies":[{"embeddable":true,"href":"https:\/\/eu.tilta.com\/es\/wp-json\/wp\/v2\/comments?post=2006429"}],"wp:featuredmedia":[{"embeddable":true,"href":"https:\/\/eu.tilta.com\/es\/wp-json\/wp\/v2\/media\/2006430"}],"wp:attachment":[{"href":"https:\/\/eu.tilta.com\/es\/wp-json\/wp\/v2\/media?parent=2006429"}],"wp:term":[{"taxonomy":"product_cat","embeddable":true,"href":"https:\/\/eu.tilta.com\/es\/wp-json\/wp\/v2\/product_cat?post=2006429"},{"taxonomy":"product_tag","embeddable":true,"href":"https:\/\/eu.tilta.com\/es\/wp-json\/wp\/v2\/product_tag?post=2006429"}],"curies":[{"name":"wp","href":"https:\/\/api.w.org\/{rel}","templated":true}]}}