{"id":2006441,"date":"2022-03-01T09:10:24","date_gmt":"2022-03-01T08:10:24","guid":{"rendered":"https:\/\/de.tilta.com\/shop\/adaptador-de-placa-de-liberacion-rapida-manfrotto-para-brazo-estabilizador-tilta-float\/"},"modified":"2025-12-09T17:25:01","modified_gmt":"2025-12-09T16:25:01","slug":"manfrotto-quick-release-plate-adapter-for-tilta-float-stabilizing-arm","status":"publish","type":"product","link":"https:\/\/eu.tilta.com\/es\/shop\/manfrotto-quick-release-plate-adapter-for-tilta-float-stabilizing-arm\/","title":{"rendered":"Adaptador de placa de liberaci\u00f3n r\u00e1pida Manfrotto para brazo estabilizador Tilta Float"},"content":{"rendered":"<p>Este adaptador de liberaci\u00f3n r\u00e1pida te permite montar la mayor\u00eda de los cuerpos de c\u00e1mara directamente en el brazo estabilizador flotante Tilta, lo que ofrece una experiencia de disparo a pulso m\u00e1s controlada y c\u00f3moda.<\/p>\n<p>Este adaptador utiliza una placa Manfrotto de tama\u00f1o est\u00e1ndar, que te permite cambiar r\u00e1pidamente entre cabezas de tr\u00edpode Manfrotto compatibles y el Brazo Flotante Tilta.<\/p>\n<p>Este adaptador es la soluci\u00f3n perfecta para el DJI Ronin 4D, ya que te permite estabilizar y sostener mejor la c\u00e1mara al tiempo que aprovechas al m\u00e1ximo la estabilizaci\u00f3n integrada en el sistema.<\/p>\n<p>Este adaptador tambi\u00e9n se puede utilizar para otros sistemas de c\u00e1maras, ya que ofrece soporte para disparar a pulso m\u00e1s c\u00f3modamente durante periodos de tiempo m\u00e1s largos.<\/p>\n<p>Este adaptador tambi\u00e9n te permitir\u00e1 aprovechar el Brazo Flotador para ayudar a estabilizar el movimiento vertical sin dejar de proporcionar un aspecto de mano.<\/p>\n<p><img loading=\"lazy\" decoding=\"async\" class=\"wp-image-1919005 alignleft\" src=\"https:\/\/tilta.com\/wp-content\/uploads\/2022\/03\/vaho2-e1647302332430-300x282.jpg\" alt=\"\" width=\"158\" height=\"149\" srcset=\"https:\/\/static.tilta.com\/wp-content\/uploads\/2022\/03\/22125908\/vaho2-e1647302332430-300x282.jpg 300w, https:\/\/static.tilta.com\/wp-content\/uploads\/2022\/03\/22125908\/vaho2-e1647302332430-64x60.jpg 64w, https:\/\/static.tilta.com\/wp-content\/uploads\/2022\/03\/22125908\/vaho2-e1647302332430-1024x963.jpg 1024w, https:\/\/static.tilta.com\/wp-content\/uploads\/2022\/03\/22125908\/vaho2-e1647302332430.jpg 1039w\" sizes=\"(max-width: 158px) 100vw, 158px\" \/>Este dise\u00f1o se desarroll\u00f3 en colaboraci\u00f3n con el experto en modificaciones de nuestro ecosistema, <strong>Vaho Mat<\/strong>, que ha estado ayudando a los usuarios de nuestra comunidad, en r\u00e1pido crecimiento, a ampliar la funcionalidad de sus equipos RS2.<\/p>\n<p>Puedes encontrar m\u00e1s informaci\u00f3n sobre las modificaciones de Vaho y ayuda general para solucionar problemas en nuestro Grupo de <a href=\"https:\/\/www.facebook.com\/groups\/1398011240547585\/\">Usuarios del Ecosistema DJI Tilta<\/a> en Facebook.<\/p>\n","protected":false},"excerpt":{"rendered":"<p>Este adaptador de liberaci\u00f3n r\u00e1pida te permite montar la mayor\u00eda de los cuerpos de c\u00e1mara directamente en el brazo estabilizador flotante Tilta, lo que ofrece una experiencia de disparo a pulso m\u00e1s controlada y c\u00f3moda. Este adaptador utiliza una placa [&hellip;]<\/p>\n","protected":false},"featured_media":2006442,"comment_status":"closed","ping_status":"closed","template":"","meta":[],"product_cat":[2763,2764],"product_tag":[],"acf":[],"gallery_images":[2006443,2006444,2006445,2006439,2006438],"_links":{"self":[{"href":"https:\/\/eu.tilta.com\/es\/wp-json\/wp\/v2\/product\/2006441"}],"collection":[{"href":"https:\/\/eu.tilta.com\/es\/wp-json\/wp\/v2\/product"}],"about":[{"href":"https:\/\/eu.tilta.com\/es\/wp-json\/wp\/v2\/types\/product"}],"replies":[{"embeddable":true,"href":"https:\/\/eu.tilta.com\/es\/wp-json\/wp\/v2\/comments?post=2006441"}],"wp:featuredmedia":[{"embeddable":true,"href":"https:\/\/eu.tilta.com\/es\/wp-json\/wp\/v2\/media\/2006442"}],"wp:attachment":[{"href":"https:\/\/eu.tilta.com\/es\/wp-json\/wp\/v2\/media?parent=2006441"}],"wp:term":[{"taxonomy":"product_cat","embeddable":true,"href":"https:\/\/eu.tilta.com\/es\/wp-json\/wp\/v2\/product_cat?post=2006441"},{"taxonomy":"product_tag","embeddable":true,"href":"https:\/\/eu.tilta.com\/es\/wp-json\/wp\/v2\/product_tag?post=2006441"}],"curies":[{"name":"wp","href":"https:\/\/api.w.org\/{rel}","templated":true}]}}