{"id":2006463,"date":"2022-02-28T17:31:07","date_gmt":"2022-02-28T16:31:07","guid":{"rendered":"https:\/\/de.tilta.com\/shop\/bandeja-de-filtro-circular-giratoria-para-tilta-mirage\/"},"modified":"2026-02-02T16:56:59","modified_gmt":"2026-02-02T15:56:59","slug":"rotatable-circular-filter-tray-for-tilta-mirage","status":"publish","type":"product","link":"https:\/\/eu.tilta.com\/es\/shop\/rotatable-circular-filter-tray-for-tilta-mirage\/","title":{"rendered":"Bandeja de filtro circular giratoria para Tilta Mirage"},"content":{"rendered":"<p>Esta bandeja giratoria para filtros circulares para Tilta Mirage te permite girar cualquier filtro circular de 95 mm igual que lo har\u00edas con cualquiera de los m\u00f3dulos giratorios.<\/p>\n<p>Es la soluci\u00f3n perfecta para ajustar con precisi\u00f3n el \u00e1ngulo de nuestro <a href=\"https:\/\/de.tilta.com\/shop\/vaxis-%cf%8695-polarizing-filter\/\">Filtro Polarizador de 95 mm<\/a>, que te ayudar\u00e1 a mejorar la precisi\u00f3n del color limitando la luz reflejada y evitando los reflejos no deseados causados por superficies reflectantes como el agua o el cristal.<\/p>\n<p>Esta Bandeja para Filtros tambi\u00e9n es una gran opci\u00f3n para ajustar el horizonte de algunos de nuestros filtros de efectos, como nuestro <a href=\"https:\/\/de.tilta.com\/shop\/vaxis-%cf%8695-streak-filter\/\">Filtro Streak de 95 mm<\/a>, garantizando que los destellos queden siempre nivelados en tu imagen.<\/p>\n<p>El engranaje ajustable de la parte superior del filtro se puede girar a mano o se puede mejorar para realizar ajustes m\u00e1s c\u00f3modos y precisos mediante nuestro<a href=\"https:\/\/de.tilta.com\/shop\/advanced-control-knob-for-tilta-mirage\/\"> mando de control avanzado<\/a>.<\/p>\n<p>Esta bandeja de filtro tambi\u00e9n se puede controlar de forma inal\u00e1mbrica mediante un motor Nucleus Nano y nuestro <a href=\"https:\/\/de.tilta.com\/shop\/nucleus-nano-motor-adapter-for-tilta-mirage\/\">Adaptador para motor Nano<\/a> o mediante el <a href=\"https:\/\/de.tilta.com\/shop\/wireless-motor-for-tilta-mirage\/\">Motor inal\u00e1mbrico para Tilta Mirage.<\/a><\/p>\n","protected":false},"excerpt":{"rendered":"<p>Esta bandeja giratoria para filtros circulares para Tilta Mirage te permite girar cualquier filtro circular de 95 mm igual que lo har\u00edas con cualquiera de los m\u00f3dulos giratorios. Es la soluci\u00f3n perfecta para ajustar con precisi\u00f3n el \u00e1ngulo de nuestro [&hellip;]<\/p>\n","protected":false},"featured_media":2006464,"comment_status":"closed","ping_status":"closed","template":"","meta":[],"product_cat":[2939],"product_tag":[],"acf":[],"gallery_images":[2006465,2006466],"_links":{"self":[{"href":"https:\/\/eu.tilta.com\/es\/wp-json\/wp\/v2\/product\/2006463"}],"collection":[{"href":"https:\/\/eu.tilta.com\/es\/wp-json\/wp\/v2\/product"}],"about":[{"href":"https:\/\/eu.tilta.com\/es\/wp-json\/wp\/v2\/types\/product"}],"replies":[{"embeddable":true,"href":"https:\/\/eu.tilta.com\/es\/wp-json\/wp\/v2\/comments?post=2006463"}],"wp:featuredmedia":[{"embeddable":true,"href":"https:\/\/eu.tilta.com\/es\/wp-json\/wp\/v2\/media\/2006464"}],"wp:attachment":[{"href":"https:\/\/eu.tilta.com\/es\/wp-json\/wp\/v2\/media?parent=2006463"}],"wp:term":[{"taxonomy":"product_cat","embeddable":true,"href":"https:\/\/eu.tilta.com\/es\/wp-json\/wp\/v2\/product_cat?post=2006463"},{"taxonomy":"product_tag","embeddable":true,"href":"https:\/\/eu.tilta.com\/es\/wp-json\/wp\/v2\/product_tag?post=2006463"}],"curies":[{"name":"wp","href":"https:\/\/api.w.org\/{rel}","templated":true}]}}