{"id":2006476,"date":"2022-02-23T10:15:03","date_gmt":"2022-02-23T09:15:03","guid":{"rendered":"https:\/\/de.tilta.com\/shop\/cable-hdmi-macho-a-hdmi-hembra-17-cm\/"},"modified":"2025-12-12T11:49:18","modified_gmt":"2025-12-12T10:49:18","slug":"hdmi-male-to-hdmi-female-cable-17cm","status":"publish","type":"product","link":"https:\/\/eu.tilta.com\/es\/shop\/hdmi-male-to-hdmi-female-cable-17cm\/","title":{"rendered":"Cable HDMI macho a HDMI hembra (17 cm)"},"content":{"rendered":"<p>Este cable se ha dise\u00f1ado para todas las jaulas de c\u00e1mara Tiltaing.<\/p>\n<p>Se conecta al puerto HDMI de la c\u00e1mara y lo adapta a un puerto HDMI hembra.<\/p>\n<p>Esto crea una ruta m\u00e1s ergon\u00f3mica para tu cable HDMI y te permite fijar el cable a la jaula Tiltaing, lo que ayuda a proteger el puerto en el cuerpo de la c\u00e1mara.<\/p>\n<p>Compatible con todas nuestras pinzas para cables HDMI de tama\u00f1o normal.<\/p>\n<p>&nbsp;<\/p>\n","protected":false},"excerpt":{"rendered":"<p>Este cable se ha dise\u00f1ado para todas las jaulas de c\u00e1mara Tiltaing. Se conecta al puerto HDMI de la c\u00e1mara y lo adapta a un puerto HDMI hembra. Esto crea una ruta m\u00e1s ergon\u00f3mica para tu cable HDMI y te [&hellip;]<\/p>\n","protected":false},"featured_media":2006477,"comment_status":"closed","ping_status":"closed","template":"","meta":[],"product_cat":[2830],"product_tag":[],"acf":[],"gallery_images":[],"_links":{"self":[{"href":"https:\/\/eu.tilta.com\/es\/wp-json\/wp\/v2\/product\/2006476"}],"collection":[{"href":"https:\/\/eu.tilta.com\/es\/wp-json\/wp\/v2\/product"}],"about":[{"href":"https:\/\/eu.tilta.com\/es\/wp-json\/wp\/v2\/types\/product"}],"replies":[{"embeddable":true,"href":"https:\/\/eu.tilta.com\/es\/wp-json\/wp\/v2\/comments?post=2006476"}],"wp:featuredmedia":[{"embeddable":true,"href":"https:\/\/eu.tilta.com\/es\/wp-json\/wp\/v2\/media\/2006477"}],"wp:attachment":[{"href":"https:\/\/eu.tilta.com\/es\/wp-json\/wp\/v2\/media?parent=2006476"}],"wp:term":[{"taxonomy":"product_cat","embeddable":true,"href":"https:\/\/eu.tilta.com\/es\/wp-json\/wp\/v2\/product_cat?post=2006476"},{"taxonomy":"product_tag","embeddable":true,"href":"https:\/\/eu.tilta.com\/es\/wp-json\/wp\/v2\/product_tag?post=2006476"}],"curies":[{"name":"wp","href":"https:\/\/api.w.org\/{rel}","templated":true}]}}