{"id":2006478,"date":"2022-02-23T10:13:24","date_gmt":"2022-02-23T09:13:24","guid":{"rendered":"https:\/\/de.tilta.com\/shop\/abrazadera-hdmi-para-panasonic-gh6-negro\/"},"modified":"2025-12-05T13:38:57","modified_gmt":"2025-12-05T12:38:57","slug":"hdmi-clamp-attachment-for-panasonic-gh6-black","status":"publish","type":"product","link":"https:\/\/eu.tilta.com\/es\/shop\/hdmi-clamp-attachment-for-panasonic-gh6-black\/","title":{"rendered":"Abrazadera HDMI para Panasonic GH6 &#8211; Negro"},"content":{"rendered":"<p>Este accesorio de abrazadera HDMI se conecta a la jaula completa de la c\u00e1mara para la Panasonic GH6 y te permite fijar un cable HDMI macho a HDMI hembra al sistema de tu c\u00e1mara.<\/p>\n<p>Este accesorio evitar\u00e1 que el cable HDMI se suelte al disparar y ayudar\u00e1 a proteger el puerto del cuerpo de la c\u00e1mara con el paso del tiempo.<\/p>\n<p>Esto puede ser especialmente \u00fatil cuando se utiliza una grabadora externa, ya que un cable suelto podr\u00eda arruinar una toma si se desconecta accidentalmente.<\/p>\n<p>&nbsp;<\/p>\n","protected":false},"excerpt":{"rendered":"<p>Este accesorio de abrazadera HDMI se conecta a la jaula completa de la c\u00e1mara para la Panasonic GH6 y te permite fijar un cable HDMI macho a HDMI hembra al sistema de tu c\u00e1mara. Este accesorio evitar\u00e1 que el cable [&hellip;]<\/p>\n","protected":false},"featured_media":2006479,"comment_status":"closed","ping_status":"closed","template":"","meta":[],"product_cat":[2830],"product_tag":[],"acf":[],"gallery_images":[2006480,2006481],"_links":{"self":[{"href":"https:\/\/eu.tilta.com\/es\/wp-json\/wp\/v2\/product\/2006478"}],"collection":[{"href":"https:\/\/eu.tilta.com\/es\/wp-json\/wp\/v2\/product"}],"about":[{"href":"https:\/\/eu.tilta.com\/es\/wp-json\/wp\/v2\/types\/product"}],"replies":[{"embeddable":true,"href":"https:\/\/eu.tilta.com\/es\/wp-json\/wp\/v2\/comments?post=2006478"}],"wp:featuredmedia":[{"embeddable":true,"href":"https:\/\/eu.tilta.com\/es\/wp-json\/wp\/v2\/media\/2006479"}],"wp:attachment":[{"href":"https:\/\/eu.tilta.com\/es\/wp-json\/wp\/v2\/media?parent=2006478"}],"wp:term":[{"taxonomy":"product_cat","embeddable":true,"href":"https:\/\/eu.tilta.com\/es\/wp-json\/wp\/v2\/product_cat?post=2006478"},{"taxonomy":"product_tag","embeddable":true,"href":"https:\/\/eu.tilta.com\/es\/wp-json\/wp\/v2\/product_tag?post=2006478"}],"curies":[{"name":"wp","href":"https:\/\/api.w.org\/{rel}","templated":true}]}}