{"id":2006482,"date":"2022-02-23T10:11:43","date_gmt":"2022-02-23T09:11:43","guid":{"rendered":"https:\/\/de.tilta.com\/shop\/placa-inferior-para-panasonic-gh6-negra\/"},"modified":"2025-12-05T13:38:57","modified_gmt":"2025-12-05T12:38:57","slug":"bottom-plate-for-panasonic-gh6-black","status":"publish","type":"product","link":"https:\/\/eu.tilta.com\/es\/shop\/bottom-plate-for-panasonic-gh6-black\/","title":{"rendered":"Placa inferior para Panasonic GH6 &#8211; Negra"},"content":{"rendered":"<p>Esta placa inferior se conecta a la parte inferior de la jaula de la c\u00e1mara completa para la Panasonic GH6.<\/p>\n<p>Esta placa se conecta mediante dos puntos de contacto para proporcionar una conexi\u00f3n m\u00e1s segura a tu sistema.<\/p>\n<p><span style=\"font-weight: 400;\">Esta placa te permite unir la jaula de la c\u00e1mara a nuestra <a href=\"https:\/\/de.tilta.com\/shop\/15mm-lws-baseplate-for-bmpcc4k\/\">placa base LWS de 15 mm de tipo I<\/a> para montar accesorios basados en varillas de 15 mm o conectarlos f\u00e1cilmente a <a href=\"https:\/\/de.tilta.com\/shop\/10-lightweight-dovetail-plate-tt-c16\/\">las colas de milano est\u00e1ndar Tilta<\/a>.  <\/span><\/p>\n","protected":false},"excerpt":{"rendered":"<p>Esta placa inferior se conecta a la parte inferior de la jaula de la c\u00e1mara completa para la Panasonic GH6. Esta placa se conecta mediante dos puntos de contacto para proporcionar una conexi\u00f3n m\u00e1s segura a tu sistema. Esta placa [&hellip;]<\/p>\n","protected":false},"featured_media":2006483,"comment_status":"closed","ping_status":"closed","template":"","meta":[],"product_cat":[2830],"product_tag":[],"acf":[],"gallery_images":[2006484],"_links":{"self":[{"href":"https:\/\/eu.tilta.com\/es\/wp-json\/wp\/v2\/product\/2006482"}],"collection":[{"href":"https:\/\/eu.tilta.com\/es\/wp-json\/wp\/v2\/product"}],"about":[{"href":"https:\/\/eu.tilta.com\/es\/wp-json\/wp\/v2\/types\/product"}],"replies":[{"embeddable":true,"href":"https:\/\/eu.tilta.com\/es\/wp-json\/wp\/v2\/comments?post=2006482"}],"wp:featuredmedia":[{"embeddable":true,"href":"https:\/\/eu.tilta.com\/es\/wp-json\/wp\/v2\/media\/2006483"}],"wp:attachment":[{"href":"https:\/\/eu.tilta.com\/es\/wp-json\/wp\/v2\/media?parent=2006482"}],"wp:term":[{"taxonomy":"product_cat","embeddable":true,"href":"https:\/\/eu.tilta.com\/es\/wp-json\/wp\/v2\/product_cat?post=2006482"},{"taxonomy":"product_tag","embeddable":true,"href":"https:\/\/eu.tilta.com\/es\/wp-json\/wp\/v2\/product_tag?post=2006482"}],"curies":[{"name":"wp","href":"https:\/\/api.w.org\/{rel}","templated":true}]}}