{"id":2006485,"date":"2022-02-23T10:08:24","date_gmt":"2022-02-23T09:08:24","guid":{"rendered":"https:\/\/de.tilta.com\/shop\/jaula-de-camara-para-el-kit-panasonic-gh6-pro-negro\/"},"modified":"2025-12-05T13:38:57","modified_gmt":"2025-12-05T12:38:57","slug":"camera-cage-for-panasonic-gh6-pro-kit-black","status":"publish","type":"product","link":"https:\/\/eu.tilta.com\/es\/shop\/camera-cage-for-panasonic-gh6-pro-kit-black\/","title":{"rendered":"Jaula de c\u00e1mara para el kit Panasonic GH6 Pro &#8211; Negro"},"content":{"rendered":"<p>Este kit de jaula completa para c\u00e1mara ofrece un blindaje protector para la Panasonic Lumix GH6, a la vez que incluye muchos accesorios necesarios que ampl\u00edan enormemente la funcionalidad de la GH6.<\/p>\n<p>La jaula dispone de varios receptores de zapata fr\u00eda, una conexi\u00f3n de roseta y roscas de \u00bc&#8221;-20 con y sin pasadores de fijaci\u00f3n.<\/p>\n<p>Tambi\u00e9n encontrar\u00e1s m\u00faltiples conexiones de ra\u00edl OTAN para montar el asa de potencia lateral incluida o el asa superior OTAN compacta.<\/p>\n<p>Esta empu\u00f1adura superior dispone de varios puntos de montaje de 1\/4&#8243;-20 y 3\/8&#8243;-16, as\u00ed como de un punto de montaje de zapata fr\u00eda en la parte delantera de la empu\u00f1adura.<\/p>\n<p>La empu\u00f1adura de alimentaci\u00f3n lateral cuenta con c\u00f3modas salidas de alimentaci\u00f3n USB-C y Micro DC, adem\u00e1s de ofrecer un funcionamiento m\u00e1s suave mediante una forma c\u00f3moda de manejar el sistema y un cable de parada de ejecuci\u00f3n incluido que se utiliza para activar la grabaci\u00f3n a trav\u00e9s de la empu\u00f1adura.<\/p>\n<p>La jaula puede utilizarse junto con nuestra <a href=\"https:\/\/de.tilta.com\/shop\/tiltaing-adjustable-top-handle\/\">Asa Superior Ajustable<\/a> opcional para cambiar f\u00e1cilmente entre las configuraciones de disparo horizontal y vertical.<\/p>\n<p>La parte inferior de la jaula se conecta al cuerpo de tu c\u00e1mara mediante dos puntos de contacto y utiliza un punto de contacto adicional a trav\u00e9s del Accesorio de Montaje de Seguridad, que se encuentra cerca de la empu\u00f1adura derecha de la c\u00e1mara.<\/p>\n<p>La base de la jaula tambi\u00e9n ofrece algunas opciones de montaje para sujetar tu c\u00e1mara a diferentes placas de liberaci\u00f3n r\u00e1pida y admite de forma nativa la placa base LWS de 15 mm de tipo I incluida.<\/p>\n<p>Esta placa base y las dos varillas de 15 mm incluidas te permiten utilizar accesorios basados en varillas, como <a href=\"https:\/\/de.tilta.com\/product-category\/matte-boxes\/\">cajas de mate<\/a> o <a href=\"https:\/\/de.tilta.com\/product-category\/lens-control-systems\/\">sistemas de enfoque de seguimiento<\/a>, y se pueden acoplar de forma nativa a nuestras <a href=\"https:\/\/de.tilta.com\/shop\/10-lightweight-dovetail-plate-tt-c16\/\">colas de milano est\u00e1ndar Tilta<\/a>.<\/p>\n<p>La placa inferior proporciona acceso total al compartimento de las pilas y tambi\u00e9n incluye una ranura para un destornillador magn\u00e9tico incluido.<\/p>\n<p>La base de esta jaula tambi\u00e9n puede conectarse de forma nativa al DJI RS2, cuando no se utiliza la placa inferior adicional.<\/p>\n<p>La jaula dispone de varios puntos de montaje para los <a href=\"https:\/\/de.tilta.com\/product-category\/accessories\/rod-rod-holders\/\">soportes<\/a> opcionales <a href=\"https:\/\/de.tilta.com\/product-category\/accessories\/rod-rod-holders\/\">de varilla \u00fanica de<\/a> 15 mm, que son una gran soluci\u00f3n ligera para fijar accesorios como motores de seguimiento de enfoque mediante una varilla de 15 mm.<\/p>\n<p>Este kit tambi\u00e9n incluye un adaptador HDMI macho a hembra, as\u00ed como una abrazadera HDMI que te permite fijar el cable HDMI a la jaula de la c\u00e1mara.<\/p>\n","protected":false},"excerpt":{"rendered":"<p>Este kit de jaula completa para c\u00e1mara ofrece un blindaje protector para la Panasonic Lumix GH6, a la vez que incluye muchos accesorios necesarios que ampl\u00edan enormemente la funcionalidad de la GH6. La jaula dispone de varios receptores de zapata [&hellip;]<\/p>\n","protected":false},"featured_media":2006486,"comment_status":"closed","ping_status":"closed","template":"","meta":[],"product_cat":[2830],"product_tag":[],"acf":[],"gallery_images":[1917880,1917881,1924801,1924802,1924803],"_links":{"self":[{"href":"https:\/\/eu.tilta.com\/es\/wp-json\/wp\/v2\/product\/2006485"}],"collection":[{"href":"https:\/\/eu.tilta.com\/es\/wp-json\/wp\/v2\/product"}],"about":[{"href":"https:\/\/eu.tilta.com\/es\/wp-json\/wp\/v2\/types\/product"}],"replies":[{"embeddable":true,"href":"https:\/\/eu.tilta.com\/es\/wp-json\/wp\/v2\/comments?post=2006485"}],"wp:featuredmedia":[{"embeddable":true,"href":"https:\/\/eu.tilta.com\/es\/wp-json\/wp\/v2\/media\/2006486"}],"wp:attachment":[{"href":"https:\/\/eu.tilta.com\/es\/wp-json\/wp\/v2\/media?parent=2006485"}],"wp:term":[{"taxonomy":"product_cat","embeddable":true,"href":"https:\/\/eu.tilta.com\/es\/wp-json\/wp\/v2\/product_cat?post=2006485"},{"taxonomy":"product_tag","embeddable":true,"href":"https:\/\/eu.tilta.com\/es\/wp-json\/wp\/v2\/product_tag?post=2006485"}],"curies":[{"name":"wp","href":"https:\/\/api.w.org\/{rel}","templated":true}]}}