{"id":2006513,"date":"2022-02-23T10:06:50","date_gmt":"2022-02-23T09:06:50","guid":{"rendered":"https:\/\/de.tilta.com\/shop\/jaula-de-camara-para-el-kit-basico-panasonic-gh6-negro\/"},"modified":"2025-12-05T13:38:58","modified_gmt":"2025-12-05T12:38:58","slug":"camera-cage-for-panasonic-gh6-basic-kit-black","status":"publish","type":"product","link":"https:\/\/eu.tilta.com\/es\/shop\/camera-cage-for-panasonic-gh6-basic-kit-black\/","title":{"rendered":"Jaula de c\u00e1mara para el kit b\u00e1sico Panasonic GH6 &#8211; Negro"},"content":{"rendered":"<p>Este kit de jaula completa para c\u00e1mara ofrece un blindaje protector para la Panasonic Lumix GH6, a la vez que incluye algunos accesorios necesarios que ampl\u00edan la funcionalidad de la GH6.<\/p>\n<p>La jaula dispone de varios receptores de zapata fr\u00eda, una conexi\u00f3n de roseta y roscas de 1\/4&#8243;-20 con y sin pasadores de fijaci\u00f3n.<\/p>\n<p>Tambi\u00e9n encontrar\u00e1s m\u00faltiples conexiones de ra\u00edl OTAN para montar cualquiera de nuestras <a href=\"https:\/\/de.tilta.com\/product-category\/handles\/side-handles\/\">empu\u00f1aduras laterales<\/a> opcionales de tipo IV\/VI o la empu\u00f1adura superior OTAN compacta incluida.<\/p>\n<p>Esta empu\u00f1adura proporciona varios puntos de montaje de 1\/4&#8243;-20 y 3\/8&#8243;-16, as\u00ed como un punto de montaje de zapata fr\u00eda en la parte delantera de la empu\u00f1adura.<\/p>\n<p>La jaula puede utilizarse junto con nuestra <a href=\"https:\/\/de.tilta.com\/shop\/tiltaing-adjustable-top-handle\/\">Asa Superior Ajustable<\/a> opcional para cambiar f\u00e1cilmente entre las configuraciones de disparo horizontal y vertical.<\/p>\n<p>La parte inferior de la jaula se conecta al cuerpo de tu c\u00e1mara mediante dos puntos de contacto y utiliza un punto de contacto adicional a trav\u00e9s del Accesorio de Montaje de Seguridad, que se encuentra cerca de la empu\u00f1adura derecha de la c\u00e1mara.<\/p>\n<p>La base de la jaula tambi\u00e9n ofrece algunas opciones de montaje para sujetar tu c\u00e1mara a diferentes placas <a href=\"https:\/\/de.tilta.com\/shop\/15mm-lws-baseplate-for-bmpcc4k\/\">de<\/a> liberaci\u00f3n r\u00e1pida y admite de forma nativa nuestra <a href=\"https:\/\/de.tilta.com\/shop\/15mm-lws-baseplate-for-bmpcc4k\/\">placa base LWS de 15 mm de tipo I<\/a>.<\/p>\n<p>La placa inferior proporciona acceso total al compartimento de las pilas y tambi\u00e9n incluye una ranura para un destornillador magn\u00e9tico incluido.<\/p>\n<p><span style=\"font-weight: 400;\">La base de esta jaula tambi\u00e9n puede conectarse de forma nativa al DJI RS2, cuando no se utiliza la placa inferior adicional.<\/span><\/p>\n<p>La jaula dispone de varios puntos de montaje para los <a href=\"https:\/\/de.tilta.com\/product-category\/accessories\/rod-rod-holders\/\">soportes<\/a> opcionales <a href=\"https:\/\/de.tilta.com\/product-category\/accessories\/rod-rod-holders\/\">de varilla \u00fanica de<\/a> 15 mm, que son una gran soluci\u00f3n ligera para fijar accesorios como motores de seguimiento de enfoque mediante una varilla de 15 mm.<\/p>\n<p>Este kit tambi\u00e9n incluye un adaptador HDMI macho a hembra, as\u00ed como una abrazadera HDMI que te permite fijar el cable HDMI a la jaula de la c\u00e1mara.<\/p>\n","protected":false},"excerpt":{"rendered":"<p>Este kit de jaula completa para c\u00e1mara ofrece un blindaje protector para la Panasonic Lumix GH6, a la vez que incluye algunos accesorios necesarios que ampl\u00edan la funcionalidad de la GH6. La jaula dispone de varios receptores de zapata fr\u00eda, [&hellip;]<\/p>\n","protected":false},"featured_media":2006514,"comment_status":"closed","ping_status":"closed","template":"","meta":[],"product_cat":[2830],"product_tag":[],"acf":[],"gallery_images":[1917877,1917878,1924801,1924802,1924803],"_links":{"self":[{"href":"https:\/\/eu.tilta.com\/es\/wp-json\/wp\/v2\/product\/2006513"}],"collection":[{"href":"https:\/\/eu.tilta.com\/es\/wp-json\/wp\/v2\/product"}],"about":[{"href":"https:\/\/eu.tilta.com\/es\/wp-json\/wp\/v2\/types\/product"}],"replies":[{"embeddable":true,"href":"https:\/\/eu.tilta.com\/es\/wp-json\/wp\/v2\/comments?post=2006513"}],"wp:featuredmedia":[{"embeddable":true,"href":"https:\/\/eu.tilta.com\/es\/wp-json\/wp\/v2\/media\/2006514"}],"wp:attachment":[{"href":"https:\/\/eu.tilta.com\/es\/wp-json\/wp\/v2\/media?parent=2006513"}],"wp:term":[{"taxonomy":"product_cat","embeddable":true,"href":"https:\/\/eu.tilta.com\/es\/wp-json\/wp\/v2\/product_cat?post=2006513"},{"taxonomy":"product_tag","embeddable":true,"href":"https:\/\/eu.tilta.com\/es\/wp-json\/wp\/v2\/product_tag?post=2006513"}],"curies":[{"name":"wp","href":"https:\/\/api.w.org\/{rel}","templated":true}]}}