{"id":2006518,"date":"2022-02-23T10:04:53","date_gmt":"2022-02-23T09:04:53","guid":{"rendered":"https:\/\/de.tilta.com\/shop\/jaula-completa-para-panasonic-gh6-negra\/"},"modified":"2025-12-22T16:33:20","modified_gmt":"2025-12-22T15:33:20","slug":"full-camera-cage-for-panasonic-gh6-black","status":"publish","type":"product","link":"https:\/\/eu.tilta.com\/es\/shop\/full-camera-cage-for-panasonic-gh6-black\/","title":{"rendered":"Jaula completa para Panasonic GH6 &#8211; Negra"},"content":{"rendered":"<p>Esta Jaula para C\u00e1mara Completa ofrece un blindaje protector para la Panasonic Lumix GH6 a la vez que ampl\u00eda enormemente las opciones de montaje de diversos accesorios.<\/p>\n<p>La jaula dispone de varios receptores de zapata fr\u00eda, una conexi\u00f3n de roseta y roscas de 1\/4&#8243;-20 con y sin pasadores de fijaci\u00f3n.<\/p>\n<p>Tambi\u00e9n encontrar\u00e1s m\u00faltiples conexiones de ra\u00edl OTAN para montar cualquiera de nuestras <a href=\"https:\/\/de.tilta.com\/product-category\/handles\/side-handles\/\">asas laterales<\/a> opcionales de tipo IV\/VI o <a href=\"https:\/\/de.tilta.com\/shop\/tiltaing-compact-nato-top-handle-black\/\">asa superior compacta OTAN<\/a>.<\/p>\n<p>La jaula puede utilizarse junto con el <a href=\"https:\/\/de.tilta.com\/shop\/tiltaing-adjustable-top-handle\/\">Asa Superior Ajustable<\/a> opcional para cambiar f\u00e1cilmente entre las configuraciones de disparo horizontal y vertical.<\/p>\n<p>La parte inferior de la jaula se conecta al cuerpo de tu c\u00e1mara mediante dos puntos de contacto y utiliza un punto de contacto adicional a trav\u00e9s del Accesorio de Montaje de Seguridad, que se encuentra cerca de la empu\u00f1adura derecha de la c\u00e1mara.<\/p>\n<p>La base de la jaula tambi\u00e9n ofrece algunas opciones de montaje para sujetar tu c\u00e1mara a diferentes placas <a href=\"https:\/\/de.tilta.com\/shop\/15mm-lws-baseplate-for-bmpcc4k\/\">de<\/a> liberaci\u00f3n r\u00e1pida y admite de forma nativa nuestra <a href=\"https:\/\/de.tilta.com\/shop\/15mm-lws-baseplate-for-bmpcc4k\/\">placa base LWS de 15 mm de tipo I<\/a>.<\/p>\n<p>La placa inferior proporciona acceso total al compartimento de las pilas y tambi\u00e9n incluye una ranura para un destornillador magn\u00e9tico incluido.<\/p>\n<p>La base de esta jaula tambi\u00e9n puede conectarse de forma nativa al DJI RS2, cuando no se utiliza la placa inferior adicional.<\/p>\n<p>La jaula dispone de varios puntos de montaje para los <a href=\"https:\/\/de.tilta.com\/product-category\/accessories\/rod-rod-holders\/\">soportes<\/a> opcionales <a href=\"https:\/\/de.tilta.com\/product-category\/accessories\/rod-rod-holders\/\">de varilla \u00fanica de<\/a> 15 mm, que son una gran soluci\u00f3n ligera para fijar accesorios como motores de seguimiento de enfoque mediante una varilla de 15 mm.<\/p>\n<p>&nbsp;<\/p>\n","protected":false},"excerpt":{"rendered":"<p>Esta Jaula para C\u00e1mara Completa ofrece un blindaje protector para la Panasonic Lumix GH6 a la vez que ampl\u00eda enormemente las opciones de montaje de diversos accesorios. La jaula dispone de varios receptores de zapata fr\u00eda, una conexi\u00f3n de roseta [&hellip;]<\/p>\n","protected":false},"featured_media":2006519,"comment_status":"closed","ping_status":"closed","template":"","meta":[],"product_cat":[2830],"product_tag":[],"acf":[],"gallery_images":[2006520,2006521,2006489,2006490,2006491],"_links":{"self":[{"href":"https:\/\/eu.tilta.com\/es\/wp-json\/wp\/v2\/product\/2006518"}],"collection":[{"href":"https:\/\/eu.tilta.com\/es\/wp-json\/wp\/v2\/product"}],"about":[{"href":"https:\/\/eu.tilta.com\/es\/wp-json\/wp\/v2\/types\/product"}],"replies":[{"embeddable":true,"href":"https:\/\/eu.tilta.com\/es\/wp-json\/wp\/v2\/comments?post=2006518"}],"wp:featuredmedia":[{"embeddable":true,"href":"https:\/\/eu.tilta.com\/es\/wp-json\/wp\/v2\/media\/2006519"}],"wp:attachment":[{"href":"https:\/\/eu.tilta.com\/es\/wp-json\/wp\/v2\/media?parent=2006518"}],"wp:term":[{"taxonomy":"product_cat","embeddable":true,"href":"https:\/\/eu.tilta.com\/es\/wp-json\/wp\/v2\/product_cat?post=2006518"},{"taxonomy":"product_tag","embeddable":true,"href":"https:\/\/eu.tilta.com\/es\/wp-json\/wp\/v2\/product_tag?post=2006518"}],"curies":[{"name":"wp","href":"https:\/\/api.w.org\/{rel}","templated":true}]}}