{"id":2006532,"date":"2022-01-24T16:08:59","date_gmt":"2022-01-24T15:08:59","guid":{"rendered":"https:\/\/de.tilta.com\/shop\/adaptador-tilta-de-montura-canon-rf-a-montura-pl-con-retrofoco-ajustable\/"},"modified":"2026-04-16T03:58:09","modified_gmt":"2026-04-16T01:58:09","slug":"tiltaing-canon-rf-mount-to-pl-mount-adapter-with-adjustable-back-focus","status":"publish","type":"product","link":"https:\/\/eu.tilta.com\/es\/shop\/tiltaing-canon-rf-mount-to-pl-mount-adapter-with-adjustable-back-focus\/","title":{"rendered":"Adaptador Tilta de Montura Canon RF a Montura PL con Retrofoco Ajustable"},"content":{"rendered":"<p>Este adaptador de montura Canon RF a montura PL permite a los usuarios montar objetivos de montura PL en cuerpos de c\u00e1mara con montura Canon RF y ajustar el enfoque posterior para adaptarlo a diferentes sensores mediante una herramienta de ajuste incluida.<\/p>\n<p>Esta montura PL ofrece la misma conexi\u00f3n est\u00e1ndar industrial incre\u00edblemente segura que nuestra versi\u00f3n anterior y permite a los usuarios montar la mayor\u00eda de objetivos cinematogr\u00e1ficos de gama alta en su RED Komodo, Canon R5\/R5C o cualquier otro cuerpo de c\u00e1mara con montura RF.<\/p>\n<p>La Herramienta de Ajuste del Enfoque Posterior incluida te permite ajustar f\u00e1cilmente el enfoque posterior de este adaptador, asegur\u00e1ndote de que obtienes la imagen m\u00e1s n\u00edtida posible en cualquier sensor con montura RF.<\/p>\n<p>Las marcas de la Herramienta de ajuste facilitan el cambio r\u00e1pido del enfoque posterior para distintos cuerpos de c\u00e1mara una vez que ya has encontrado el enfoque posterior perfecto para varios sensores.<\/p>\n<p>El dise\u00f1o ARRI Positive Lock proporciona una conexi\u00f3n r\u00e1pida y segura que ahorra tiempo en el plat\u00f3 y ofrece una mayor seguridad.<\/p>\n<p>La rosca 1\/4\u2033-20 de la parte inferior de este adaptador es compatible con nuestros soportes adaptadores opcionales para diferentes jaulas de c\u00e1mara.<\/p>\n<p>Esto crea un punto de contacto adicional entre el adaptador y la jaula de tu c\u00e1mara para garantizar una conexi\u00f3n s\u00f3lida entre el objetivo y el cuerpo de la c\u00e1mara.<\/p>\n<p>Esto es especialmente \u00fatil cuando utilizas objetivos pesados o cuando utilizas motores de seguimiento de enfoque inal\u00e1mbricos.<\/p>\n<p>Con este kit tambi\u00e9n se incluye un tap\u00f3n de puerto PL personalizado.<\/p>\n","protected":false},"excerpt":{"rendered":"<p>Este adaptador de montura Canon RF a montura PL permite a los usuarios montar objetivos de montura PL en cuerpos de c\u00e1mara con montura Canon RF y ajustar el enfoque posterior para adaptarlo a diferentes sensores mediante una herramienta de [&hellip;]<\/p>\n","protected":false},"featured_media":2006533,"comment_status":"closed","ping_status":"closed","template":"","meta":[],"product_cat":[2740,2735,2746,3153,2738,2723,3016],"product_tag":[],"acf":[],"gallery_images":[2006534,2006535],"_links":{"self":[{"href":"https:\/\/eu.tilta.com\/es\/wp-json\/wp\/v2\/product\/2006532"}],"collection":[{"href":"https:\/\/eu.tilta.com\/es\/wp-json\/wp\/v2\/product"}],"about":[{"href":"https:\/\/eu.tilta.com\/es\/wp-json\/wp\/v2\/types\/product"}],"replies":[{"embeddable":true,"href":"https:\/\/eu.tilta.com\/es\/wp-json\/wp\/v2\/comments?post=2006532"}],"wp:featuredmedia":[{"embeddable":true,"href":"https:\/\/eu.tilta.com\/es\/wp-json\/wp\/v2\/media\/2006533"}],"wp:attachment":[{"href":"https:\/\/eu.tilta.com\/es\/wp-json\/wp\/v2\/media?parent=2006532"}],"wp:term":[{"taxonomy":"product_cat","embeddable":true,"href":"https:\/\/eu.tilta.com\/es\/wp-json\/wp\/v2\/product_cat?post=2006532"},{"taxonomy":"product_tag","embeddable":true,"href":"https:\/\/eu.tilta.com\/es\/wp-json\/wp\/v2\/product_tag?post=2006532"}],"curies":[{"name":"wp","href":"https:\/\/api.w.org\/{rel}","templated":true}]}}