{"id":2006550,"date":"2022-01-24T15:20:28","date_gmt":"2022-01-24T14:20:28","guid":{"rendered":"https:\/\/de.tilta.com\/shop\/asa-superior-para-dji-ronin-4d\/"},"modified":"2026-04-23T13:43:04","modified_gmt":"2026-04-23T11:43:04","slug":"top-handle-for-dji-ronin-4d","status":"publish","type":"product","link":"https:\/\/eu.tilta.com\/es\/shop\/top-handle-for-dji-ronin-4d\/","title":{"rendered":"Asa superior para DJI Ronin 4D"},"content":{"rendered":"<p>Este asa superior para el DJI Ronin 4D es el accesorio ligero perfecto para montar accesorios adicionales y aumentar la flexibilidad al manejar la c\u00e1mara.<\/p>\n<p>Esta empu\u00f1adura superior se acopla a la parte superior del Ronin 4D mediante cuatro puntos de contacto para una conexi\u00f3n incre\u00edblemente segura, y presenta un acabado de palisandro para un manejo c\u00f3modo.<\/p>\n<p>Esta empu\u00f1adura dispone de m\u00faltiples roscas de 1\/4&#8243;-20 y 3\/8&#8243;-16 con pasadores de fijaci\u00f3n que admiten diversos accesorios, como monitores externos, transmisores de v\u00eddeo inal\u00e1mbricos o brazos articulados.<\/p>\n<p>El monitor Ronin 4D original es totalmente compatible con este asa superior, lo que te permite montar el monitor mediante un receptor de zapata fr\u00eda horizontal.<\/p>\n<p>Los puntos de montaje de la parte superior de esta empu\u00f1adura te permiten montar el 4D en posici\u00f3n vertical cuando utilices el <a href=\"https:\/\/de.tilta.com\/product-category\/dji-ecosystem\/hydra-alien-car-mounting-system\/\">sistema de montaje para coches Hydra Alien<\/a>.<\/p>\n<p>Esto te permite aprovechar al m\u00e1ximo la estabilizaci\u00f3n del eje Z para conseguir tomas m\u00e1s suaves que normalmente no ser\u00edan posibles si montaras el sistema mediante las roscas de la parte inferior de la c\u00e1mara.<\/p>\n","protected":false},"excerpt":{"rendered":"<p>Este asa superior para el DJI Ronin 4D es el accesorio ligero perfecto para montar accesorios adicionales y aumentar la flexibilidad al manejar la c\u00e1mara. Esta empu\u00f1adura superior se acopla a la parte superior del Ronin 4D mediante cuatro puntos [&hellip;]<\/p>\n","protected":false},"featured_media":2006551,"comment_status":"closed","ping_status":"closed","template":"","meta":[],"product_cat":[3013],"product_tag":[],"acf":[],"gallery_images":[2006552,2006553],"_links":{"self":[{"href":"https:\/\/eu.tilta.com\/es\/wp-json\/wp\/v2\/product\/2006550"}],"collection":[{"href":"https:\/\/eu.tilta.com\/es\/wp-json\/wp\/v2\/product"}],"about":[{"href":"https:\/\/eu.tilta.com\/es\/wp-json\/wp\/v2\/types\/product"}],"replies":[{"embeddable":true,"href":"https:\/\/eu.tilta.com\/es\/wp-json\/wp\/v2\/comments?post=2006550"}],"wp:featuredmedia":[{"embeddable":true,"href":"https:\/\/eu.tilta.com\/es\/wp-json\/wp\/v2\/media\/2006551"}],"wp:attachment":[{"href":"https:\/\/eu.tilta.com\/es\/wp-json\/wp\/v2\/media?parent=2006550"}],"wp:term":[{"taxonomy":"product_cat","embeddable":true,"href":"https:\/\/eu.tilta.com\/es\/wp-json\/wp\/v2\/product_cat?post=2006550"},{"taxonomy":"product_tag","embeddable":true,"href":"https:\/\/eu.tilta.com\/es\/wp-json\/wp\/v2\/product_tag?post=2006550"}],"curies":[{"name":"wp","href":"https:\/\/api.w.org\/{rel}","templated":true}]}}