{"id":2006628,"date":"2022-01-13T08:56:32","date_gmt":"2022-01-13T07:56:32","guid":{"rendered":"https:\/\/de.tilta.com\/shop\/modulo-e-s-avanzado-para-red-v-raptor-komodo-x\/"},"modified":"2025-12-05T13:39:00","modified_gmt":"2025-12-05T12:39:00","slug":"advanced-i-o-module-for-red-v-raptor","status":"publish","type":"product","link":"https:\/\/eu.tilta.com\/es\/shop\/advanced-i-o-module-for-red-v-raptor\/","title":{"rendered":"M\u00f3dulo E\/S avanzado para RED V-RAPTOR \/ KOMODO-X"},"content":{"rendered":"<p>Este M\u00f3dulo de E\/S Avanzado utiliza un Cable V-RAPTOR EXT integrado que ampl\u00eda la comunicaci\u00f3n con el cuerpo de la c\u00e1mara y ofrece una mayor funcionalidad para Run Stop y C\u00f3digo de Tiempo a trav\u00e9s de puertos adicionales.<\/p>\n<p>Este M\u00f3dulo se puede montar en varios lugares diferentes de la Jaula de la C\u00e1mara del V-Raptor, como el Asa Superior, la Placa Superior, la Placa de Montaje Inferior o la ranura integrada en la Placa de la Bater\u00eda, que puede alimentar y soportar el m\u00f3dulo.<\/p>\n<p>Cuando montes el m\u00f3dulo en ubicaciones diferentes a la Placa de la Bater\u00eda, el m\u00f3dulo puede alimentarse a trav\u00e9s de una entrada Lemo de 2 patillas.<\/p>\n<p>Esto permite que este m\u00f3dulo sea incre\u00edblemente vers\u00e1til en cuanto a d\u00f3nde y c\u00f3mo puede montarse para adaptarse a casi cualquier construcci\u00f3n de c\u00e1mara.<\/p>\n<p>Este M\u00f3dulo incluye un puerto R\/S Fischer de 3 patillas que permite a los usuarios activar la Parada de Marcha y alimentar un Nucleus M con un solo cable mediante un Cable de Parada de Marcha Fischer de 3 patillas opcional.<\/p>\n<p>El M\u00f3dulo incluye los siguientes puertos:<br \/>\n(1) Entrada\/salida LEMO de 14,8 V y 2 patillas<br \/>\n(1) Puerto R\/S Fischer de 3 patillas<br \/>\n(1) Puerto de c\u00f3digo de tiempo<br \/>\n(1) Puerto CTRL rojo<br \/>\n(1) Puerto Genlock<\/p>\n","protected":false},"excerpt":{"rendered":"<p>Este M\u00f3dulo de E\/S Avanzado utiliza un Cable V-RAPTOR EXT integrado que ampl\u00eda la comunicaci\u00f3n con el cuerpo de la c\u00e1mara y ofrece una mayor funcionalidad para Run Stop y C\u00f3digo de Tiempo a trav\u00e9s de puertos adicionales. Este M\u00f3dulo [&hellip;]<\/p>\n","protected":false},"featured_media":2006629,"comment_status":"closed","ping_status":"closed","template":"","meta":[],"product_cat":[2746,2738,3153],"product_tag":[],"acf":[],"gallery_images":[2006630,2006631,2006632],"_links":{"self":[{"href":"https:\/\/eu.tilta.com\/es\/wp-json\/wp\/v2\/product\/2006628"}],"collection":[{"href":"https:\/\/eu.tilta.com\/es\/wp-json\/wp\/v2\/product"}],"about":[{"href":"https:\/\/eu.tilta.com\/es\/wp-json\/wp\/v2\/types\/product"}],"replies":[{"embeddable":true,"href":"https:\/\/eu.tilta.com\/es\/wp-json\/wp\/v2\/comments?post=2006628"}],"wp:featuredmedia":[{"embeddable":true,"href":"https:\/\/eu.tilta.com\/es\/wp-json\/wp\/v2\/media\/2006629"}],"wp:attachment":[{"href":"https:\/\/eu.tilta.com\/es\/wp-json\/wp\/v2\/media?parent=2006628"}],"wp:term":[{"taxonomy":"product_cat","embeddable":true,"href":"https:\/\/eu.tilta.com\/es\/wp-json\/wp\/v2\/product_cat?post=2006628"},{"taxonomy":"product_tag","embeddable":true,"href":"https:\/\/eu.tilta.com\/es\/wp-json\/wp\/v2\/product_tag?post=2006628"}],"curies":[{"name":"wp","href":"https:\/\/api.w.org\/{rel}","templated":true}]}}